{"id":4276,"date":"2023-06-26T15:14:16","date_gmt":"2023-06-26T12:14:16","guid":{"rendered":"https:\/\/mysakemer.com\/kubaba\/"},"modified":"2023-07-13T14:48:44","modified_gmt":"2023-07-13T11:48:44","slug":"kubaba","status":"publish","type":"page","link":"https:\/\/mysakemer.com\/en\/kubaba\/","title":{"rendered":"KUBABA"},"content":{"rendered":"<p>[vc_row][vc_column][vc_single_image image=&#8221;4320&#8243; img_size=&#8221;full&#8221; alignment=&#8221;center&#8221;][\/vc_column][\/vc_row][vc_row css=&#8221;.vc_custom_1652274238745{padding-right: 0px !important;padding-bottom: 30px !important;padding-left: 0px !important;}&#8221;][vc_column width=&#8221;1\/2&#8243;]<style type=\"text\/css\" data-type=\"the7_shortcodes-inline-css\">.gallery-shortcode.gallery-masonry-shortcode-id-002459046eec9107bfb028f2c85369c3 figure,\n.gallery-shortcode.gallery-masonry-shortcode-id-002459046eec9107bfb028f2c85369c3 .rollover,\n.gallery-shortcode.gallery-masonry-shortcode-id-002459046eec9107bfb028f2c85369c3 img,\n.gallery-shortcode.gallery-masonry-shortcode-id-002459046eec9107bfb028f2c85369c3 .gallery-rollover {\n  border-radius: 0px;\n}\n.gallery-shortcode.gallery-masonry-shortcode-id-002459046eec9107bfb028f2c85369c3.enable-bg-rollover .gallery-rollover {\n  background: -webkit-linear-gradient();\n  background: linear-gradient();\n}\n.gallery-shortcode.gallery-masonry-shortcode-id-002459046eec9107bfb028f2c85369c3.enable-bg-rollover.hover-scale figure .rollover:after {\n  background: -webkit-linear-gradient();\n  background: linear-gradient();\n}\n.gallery-shortcode.gallery-masonry-shortcode-id-002459046eec9107bfb028f2c85369c3 .gallery-zoom-ico {\n  width: 44px;\n  height: 44px;\n  line-height: 44px;\n  border-radius: 100px;\n  margin: -22px 0 0 -22px;\n  border-width: 0px;\n  color: #ffffff;\n}\n.dt-icon-bg-on.gallery-shortcode.gallery-masonry-shortcode-id-002459046eec9107bfb028f2c85369c3 .gallery-zoom-ico {\n  background: rgba(255,255,255,0.3);\n  box-shadow: none;\n}\n.gallery-shortcode.gallery-masonry-shortcode-id-002459046eec9107bfb028f2c85369c3 .gallery-zoom-ico:before,\n.gallery-shortcode.gallery-masonry-shortcode-id-002459046eec9107bfb028f2c85369c3 .gallery-zoom-ico span {\n  font-size: 32px;\n  line-height: 44px;\n  color: #ffffff;\n}\n.gallery-shortcode.gallery-masonry-shortcode-id-002459046eec9107bfb028f2c85369c3:not(.resize-by-browser-width) .dt-css-grid {\n  grid-row-gap: 10px;\n  grid-column-gap: 10px;\n  grid-template-columns: repeat(auto-fill,minmax(,1fr));\n}\n.gallery-shortcode.gallery-masonry-shortcode-id-002459046eec9107bfb028f2c85369c3:not(.resize-by-browser-width) .dt-css-grid .double-width {\n  grid-column: span 2;\n}\n.cssgridlegacy.no-cssgrid .gallery-shortcode.gallery-masonry-shortcode-id-002459046eec9107bfb028f2c85369c3:not(.resize-by-browser-width) .dt-css-grid,\n.no-cssgridlegacy.no-cssgrid .gallery-shortcode.gallery-masonry-shortcode-id-002459046eec9107bfb028f2c85369c3:not(.resize-by-browser-width) .dt-css-grid {\n  display: flex;\n  flex-flow: row wrap;\n  margin: -5px;\n}\n.cssgridlegacy.no-cssgrid .gallery-shortcode.gallery-masonry-shortcode-id-002459046eec9107bfb028f2c85369c3:not(.resize-by-browser-width) .dt-css-grid .wf-cell,\n.no-cssgridlegacy.no-cssgrid .gallery-shortcode.gallery-masonry-shortcode-id-002459046eec9107bfb028f2c85369c3:not(.resize-by-browser-width) .dt-css-grid .wf-cell {\n  flex: 1 0 ;\n  max-width: 100%;\n  padding: 5px;\n  box-sizing: border-box;\n}\n.gallery-shortcode.gallery-masonry-shortcode-id-002459046eec9107bfb028f2c85369c3.resize-by-browser-width .dt-css-grid {\n  grid-template-columns: repeat(3,1fr);\n  grid-template-rows: auto;\n  grid-column-gap: 10px;\n  grid-row-gap: 10px;\n}\n.gallery-shortcode.gallery-masonry-shortcode-id-002459046eec9107bfb028f2c85369c3.resize-by-browser-width .dt-css-grid .double-width {\n  grid-column: span 2;\n}\n.cssgridlegacy.no-cssgrid .gallery-shortcode.gallery-masonry-shortcode-id-002459046eec9107bfb028f2c85369c3.resize-by-browser-width .dt-css-grid {\n  margin: -5px;\n}\n.cssgridlegacy.no-cssgrid .gallery-shortcode.gallery-masonry-shortcode-id-002459046eec9107bfb028f2c85369c3.resize-by-browser-width .dt-css-grid .wf-cell {\n  width: 33.333333333333%;\n  padding: 5px;\n}\n.cssgridlegacy.no-cssgrid .gallery-shortcode.gallery-masonry-shortcode-id-002459046eec9107bfb028f2c85369c3.resize-by-browser-width .dt-css-grid .wf-cell.double-width {\n  width: calc(33.333333333333%) * 2;\n}\n.gallery-shortcode.gallery-masonry-shortcode-id-002459046eec9107bfb028f2c85369c3.resize-by-browser-width:not(.centered-layout-list):not(.content-bg-on) .dt-css-grid {\n  grid-row-gap: 10px - ;\n}\n@media screen and (max-width: 1199px) {\n  .gallery-shortcode.gallery-masonry-shortcode-id-002459046eec9107bfb028f2c85369c3.resize-by-browser-width .dt-css-grid {\n    grid-template-columns: repeat(3,1fr);\n  }\n  .cssgridlegacy.no-cssgrid .gallery-shortcode.gallery-masonry-shortcode-id-002459046eec9107bfb028f2c85369c3.resize-by-browser-width .dt-css-grid .wf-cell,\n  .no-cssgridlegacy.no-cssgrid .gallery-shortcode.gallery-masonry-shortcode-id-002459046eec9107bfb028f2c85369c3.resize-by-browser-width .dt-css-grid .wf-cell {\n    width: 33.333333333333%;\n  }\n  .cssgridlegacy.no-cssgrid .gallery-shortcode.gallery-masonry-shortcode-id-002459046eec9107bfb028f2c85369c3.resize-by-browser-width .dt-css-grid .wf-cell.double-width,\n  .no-cssgridlegacy.no-cssgrid .gallery-shortcode.gallery-masonry-shortcode-id-002459046eec9107bfb028f2c85369c3.resize-by-browser-width .dt-css-grid .wf-cell.double-width {\n    width: calc(33.333333333333%)*2;\n  }\n}\n@media screen and (max-width: 991px) {\n  .gallery-shortcode.gallery-masonry-shortcode-id-002459046eec9107bfb028f2c85369c3.resize-by-browser-width .dt-css-grid {\n    grid-template-columns: repeat(3,1fr);\n  }\n  .cssgridlegacy.no-cssgrid .gallery-shortcode.gallery-masonry-shortcode-id-002459046eec9107bfb028f2c85369c3.resize-by-browser-width .dt-css-grid .wf-cell,\n  .no-cssgridlegacy.no-cssgrid .gallery-shortcode.gallery-masonry-shortcode-id-002459046eec9107bfb028f2c85369c3.resize-by-browser-width .dt-css-grid .wf-cell {\n    width: 33.333333333333%;\n  }\n  .cssgridlegacy.no-cssgrid .gallery-shortcode.gallery-masonry-shortcode-id-002459046eec9107bfb028f2c85369c3.resize-by-browser-width .dt-css-grid .wf-cell.double-width,\n  .no-cssgridlegacy.no-cssgrid .gallery-shortcode.gallery-masonry-shortcode-id-002459046eec9107bfb028f2c85369c3.resize-by-browser-width .dt-css-grid .wf-cell.double-width {\n    width: calc(33.333333333333%)*2;\n  }\n}\n@media screen and (max-width: 767px) {\n  .gallery-shortcode.gallery-masonry-shortcode-id-002459046eec9107bfb028f2c85369c3.resize-by-browser-width .dt-css-grid {\n    grid-template-columns: repeat(3,1fr);\n  }\n  .cssgridlegacy.no-cssgrid .gallery-shortcode.gallery-masonry-shortcode-id-002459046eec9107bfb028f2c85369c3.resize-by-browser-width .dt-css-grid .wf-cell,\n  .no-cssgridlegacy.no-cssgrid .gallery-shortcode.gallery-masonry-shortcode-id-002459046eec9107bfb028f2c85369c3.resize-by-browser-width .dt-css-grid .wf-cell {\n    width: 33.333333333333%;\n  }\n  .cssgridlegacy.no-cssgrid .gallery-shortcode.gallery-masonry-shortcode-id-002459046eec9107bfb028f2c85369c3.resize-by-browser-width .dt-css-grid .wf-cell.double-width,\n  .no-cssgridlegacy.no-cssgrid .gallery-shortcode.gallery-masonry-shortcode-id-002459046eec9107bfb028f2c85369c3.resize-by-browser-width .dt-css-grid .wf-cell.double-width {\n    width: calc(33.333333333333%)*2;\n  }\n}\n<\/style><div class=\"gallery-shortcode dt-gallery-container gallery-masonry-shortcode-id-002459046eec9107bfb028f2c85369c3 mode-grid jquery-filter dt-icon-bg-off quick-scale-img dt-css-grid-wrap enable-bg-rollover resize-by-browser-width  hover-fade loading-effect-none description-on-hover\" data-padding=\"5px\" data-cur-page=\"1\" data-post-limit=\"-1\" data-pagination-mode=\"none\" data-desktop-columns-num=\"3\" data-v-tablet-columns-num=\"3\" data-h-tablet-columns-num=\"3\" data-phone-columns-num=\"3\" data-width=\"0px\" data-columns=\"0\"><div class=\"dt-css-grid\" ><div class=\"wf-cell\" data-post-id=\"4211\" data-date=\"2023-06-26T15:12:38+03:00\" data-name=\"IMG_4118\"><figure class=\"post visible\"><a href=\"https:\/\/mysakemer.com\/wp-content\/uploads\/2023\/06\/IMG_4118-scaled.jpg\" class=\"rollover dt-pswp-item layzr-bg\" data-large_image_width=\"2560\" data-large_image_height=\"2560\" data-dt-img-description=\"\" title=\"IMG_4118\"><img loading=\"lazy\" decoding=\"async\" class=\"preload-me iso-lazy-load\" src=\"data:image\/svg+xml,%3Csvg%20xmlns%3D&#39;http%3A%2F%2Fwww.w3.org%2F2000%2Fsvg&#39;%20viewBox%3D&#39;0%200%20323%20323&#39;%2F%3E\" data-src=\"https:\/\/mysakemer.com\/wp-content\/uploads\/2023\/06\/IMG_4118-scaled-323x323.jpg\" data-srcset=\"https:\/\/mysakemer.com\/wp-content\/uploads\/2023\/06\/IMG_4118-scaled-323x323.jpg 323w, https:\/\/mysakemer.com\/wp-content\/uploads\/2023\/06\/IMG_4118-scaled-485x485.jpg 485w\" alt=\"\" width=\"323\" height=\"323\"  \/><span class=\"gallery-rollover\"><span class=\"gallery-zoom-ico icomoon-the7-font-the7-zoom-06\"><span><\/span><\/span><\/span><\/a><\/figure><\/div><div class=\"wf-cell\" data-post-id=\"4203\" data-date=\"2023-06-26T15:12:23+03:00\" data-name=\"IMG_4124\"><figure class=\"post visible\"><a href=\"https:\/\/mysakemer.com\/wp-content\/uploads\/2023\/06\/IMG_4124.jpg\" class=\"rollover dt-pswp-item layzr-bg\" data-large_image_width=\"1889\" data-large_image_height=\"1889\" data-dt-img-description=\"\" title=\"IMG_4124\"><img loading=\"lazy\" decoding=\"async\" class=\"preload-me iso-lazy-load\" src=\"data:image\/svg+xml,%3Csvg%20xmlns%3D&#39;http%3A%2F%2Fwww.w3.org%2F2000%2Fsvg&#39;%20viewBox%3D&#39;0%200%20323%20323&#39;%2F%3E\" data-src=\"https:\/\/mysakemer.com\/wp-content\/uploads\/2023\/06\/IMG_4124-323x323.jpg\" data-srcset=\"https:\/\/mysakemer.com\/wp-content\/uploads\/2023\/06\/IMG_4124-323x323.jpg 323w, https:\/\/mysakemer.com\/wp-content\/uploads\/2023\/06\/IMG_4124-485x485.jpg 485w\" alt=\"\" width=\"323\" height=\"323\"  \/><span class=\"gallery-rollover\"><span class=\"gallery-zoom-ico icomoon-the7-font-the7-zoom-06\"><span><\/span><\/span><\/span><\/a><\/figure><\/div><div class=\"wf-cell\" data-post-id=\"4199\" data-date=\"2023-06-26T15:12:14+03:00\" data-name=\"IMG_4103\"><figure class=\"post visible\"><a href=\"https:\/\/mysakemer.com\/wp-content\/uploads\/2023\/06\/IMG_4103-scaled.jpg\" class=\"rollover dt-pswp-item layzr-bg\" data-large_image_width=\"2560\" data-large_image_height=\"2560\" data-dt-img-description=\"\" title=\"IMG_4103\"><img loading=\"lazy\" decoding=\"async\" class=\"preload-me iso-lazy-load\" src=\"data:image\/svg+xml,%3Csvg%20xmlns%3D&#39;http%3A%2F%2Fwww.w3.org%2F2000%2Fsvg&#39;%20viewBox%3D&#39;0%200%20323%20323&#39;%2F%3E\" data-src=\"https:\/\/mysakemer.com\/wp-content\/uploads\/2023\/06\/IMG_4103-scaled-323x323.jpg\" data-srcset=\"https:\/\/mysakemer.com\/wp-content\/uploads\/2023\/06\/IMG_4103-scaled-323x323.jpg 323w, https:\/\/mysakemer.com\/wp-content\/uploads\/2023\/06\/IMG_4103-scaled-485x485.jpg 485w\" alt=\"\" width=\"323\" height=\"323\"  \/><span class=\"gallery-rollover\"><span class=\"gallery-zoom-ico icomoon-the7-font-the7-zoom-06\"><span><\/span><\/span><\/span><\/a><\/figure><\/div><div class=\"wf-cell\" data-post-id=\"4195\" data-date=\"2023-06-26T15:12:05+03:00\" data-name=\"IMG_4104\"><figure class=\"post visible\"><a href=\"https:\/\/mysakemer.com\/wp-content\/uploads\/2023\/06\/IMG_4104-scaled.jpg\" class=\"rollover dt-pswp-item layzr-bg\" data-large_image_width=\"2560\" data-large_image_height=\"2560\" data-dt-img-description=\"\" title=\"IMG_4104\"><img loading=\"lazy\" decoding=\"async\" class=\"preload-me iso-lazy-load\" src=\"data:image\/svg+xml,%3Csvg%20xmlns%3D&#39;http%3A%2F%2Fwww.w3.org%2F2000%2Fsvg&#39;%20viewBox%3D&#39;0%200%20323%20323&#39;%2F%3E\" data-src=\"https:\/\/mysakemer.com\/wp-content\/uploads\/2023\/06\/IMG_4104-scaled-323x323.jpg\" data-srcset=\"https:\/\/mysakemer.com\/wp-content\/uploads\/2023\/06\/IMG_4104-scaled-323x323.jpg 323w, https:\/\/mysakemer.com\/wp-content\/uploads\/2023\/06\/IMG_4104-scaled-485x485.jpg 485w\" alt=\"\" width=\"323\" height=\"323\"  \/><span class=\"gallery-rollover\"><span class=\"gallery-zoom-ico icomoon-the7-font-the7-zoom-06\"><span><\/span><\/span><\/span><\/a><\/figure><\/div><div class=\"wf-cell\" data-post-id=\"4191\" data-date=\"2023-06-26T15:11:56+03:00\" data-name=\"IMG_4105\"><figure class=\"post visible\"><a href=\"https:\/\/mysakemer.com\/wp-content\/uploads\/2023\/06\/IMG_4105.jpg\" class=\"rollover dt-pswp-item layzr-bg\" data-large_image_width=\"2357\" data-large_image_height=\"2357\" data-dt-img-description=\"\" title=\"IMG_4105\"><img loading=\"lazy\" decoding=\"async\" class=\"preload-me iso-lazy-load\" src=\"data:image\/svg+xml,%3Csvg%20xmlns%3D&#39;http%3A%2F%2Fwww.w3.org%2F2000%2Fsvg&#39;%20viewBox%3D&#39;0%200%20323%20323&#39;%2F%3E\" data-src=\"https:\/\/mysakemer.com\/wp-content\/uploads\/2023\/06\/IMG_4105-323x323.jpg\" data-srcset=\"https:\/\/mysakemer.com\/wp-content\/uploads\/2023\/06\/IMG_4105-323x323.jpg 323w, https:\/\/mysakemer.com\/wp-content\/uploads\/2023\/06\/IMG_4105-485x485.jpg 485w\" alt=\"\" width=\"323\" height=\"323\"  \/><span class=\"gallery-rollover\"><span class=\"gallery-zoom-ico icomoon-the7-font-the7-zoom-06\"><span><\/span><\/span><\/span><\/a><\/figure><\/div><div class=\"wf-cell\" data-post-id=\"4215\" data-date=\"2023-06-26T15:12:49+03:00\" data-name=\"IMG_4113\"><figure class=\"post visible\"><a href=\"https:\/\/mysakemer.com\/wp-content\/uploads\/2023\/06\/IMG_4113-scaled.jpg\" class=\"rollover dt-pswp-item layzr-bg\" data-large_image_width=\"2560\" data-large_image_height=\"2560\" data-dt-img-description=\"\" title=\"IMG_4113\"><img loading=\"lazy\" decoding=\"async\" class=\"preload-me iso-lazy-load\" src=\"data:image\/svg+xml,%3Csvg%20xmlns%3D&#39;http%3A%2F%2Fwww.w3.org%2F2000%2Fsvg&#39;%20viewBox%3D&#39;0%200%20323%20323&#39;%2F%3E\" data-src=\"https:\/\/mysakemer.com\/wp-content\/uploads\/2023\/06\/IMG_4113-scaled-323x323.jpg\" data-srcset=\"https:\/\/mysakemer.com\/wp-content\/uploads\/2023\/06\/IMG_4113-scaled-323x323.jpg 323w, https:\/\/mysakemer.com\/wp-content\/uploads\/2023\/06\/IMG_4113-scaled-485x485.jpg 485w\" alt=\"\" width=\"323\" height=\"323\"  \/><span class=\"gallery-rollover\"><span class=\"gallery-zoom-ico icomoon-the7-font-the7-zoom-06\"><span><\/span><\/span><\/span><\/a><\/figure><\/div><div class=\"wf-cell\" data-post-id=\"4219\" data-date=\"2023-06-26T15:13:00+03:00\" data-name=\"IMG_4110\"><figure class=\"post visible\"><a href=\"https:\/\/mysakemer.com\/wp-content\/uploads\/2023\/06\/IMG_4110-scaled.jpg\" class=\"rollover dt-pswp-item layzr-bg\" data-large_image_width=\"2560\" data-large_image_height=\"2560\" data-dt-img-description=\"\" title=\"IMG_4110\"><img loading=\"lazy\" decoding=\"async\" class=\"preload-me iso-lazy-load\" src=\"data:image\/svg+xml,%3Csvg%20xmlns%3D&#39;http%3A%2F%2Fwww.w3.org%2F2000%2Fsvg&#39;%20viewBox%3D&#39;0%200%20323%20323&#39;%2F%3E\" data-src=\"https:\/\/mysakemer.com\/wp-content\/uploads\/2023\/06\/IMG_4110-scaled-323x323.jpg\" data-srcset=\"https:\/\/mysakemer.com\/wp-content\/uploads\/2023\/06\/IMG_4110-scaled-323x323.jpg 323w, https:\/\/mysakemer.com\/wp-content\/uploads\/2023\/06\/IMG_4110-scaled-485x485.jpg 485w\" alt=\"\" width=\"323\" height=\"323\"  \/><span class=\"gallery-rollover\"><span class=\"gallery-zoom-ico icomoon-the7-font-the7-zoom-06\"><span><\/span><\/span><\/span><\/a><\/figure><\/div><div class=\"wf-cell\" data-post-id=\"4207\" data-date=\"2023-06-26T15:12:28+03:00\" data-name=\"IMG_4121\"><figure class=\"post visible\"><a href=\"https:\/\/mysakemer.com\/wp-content\/uploads\/2023\/06\/IMG_4121.jpg\" class=\"rollover dt-pswp-item layzr-bg\" data-large_image_width=\"2408\" data-large_image_height=\"2408\" data-dt-img-description=\"\" title=\"IMG_4121\"><img loading=\"lazy\" decoding=\"async\" class=\"preload-me iso-lazy-load\" src=\"data:image\/svg+xml,%3Csvg%20xmlns%3D&#39;http%3A%2F%2Fwww.w3.org%2F2000%2Fsvg&#39;%20viewBox%3D&#39;0%200%20323%20323&#39;%2F%3E\" data-src=\"https:\/\/mysakemer.com\/wp-content\/uploads\/2023\/06\/IMG_4121-323x323.jpg\" data-srcset=\"https:\/\/mysakemer.com\/wp-content\/uploads\/2023\/06\/IMG_4121-323x323.jpg 323w, https:\/\/mysakemer.com\/wp-content\/uploads\/2023\/06\/IMG_4121-485x485.jpg 485w\" alt=\"\" width=\"323\" height=\"323\"  \/><span class=\"gallery-rollover\"><span class=\"gallery-zoom-ico icomoon-the7-font-the7-zoom-06\"><span><\/span><\/span><\/span><\/a><\/figure><\/div><div class=\"wf-cell\" data-post-id=\"4183\" data-date=\"2023-06-26T15:11:39+03:00\" data-name=\"IMG_4109\"><figure class=\"post visible\"><a href=\"https:\/\/mysakemer.com\/wp-content\/uploads\/2023\/06\/IMG_4109-scaled.jpg\" class=\"rollover dt-pswp-item layzr-bg\" data-large_image_width=\"2560\" data-large_image_height=\"2560\" data-dt-img-description=\"\" title=\"IMG_4109\"><img loading=\"lazy\" decoding=\"async\" class=\"preload-me iso-lazy-load\" src=\"data:image\/svg+xml,%3Csvg%20xmlns%3D&#39;http%3A%2F%2Fwww.w3.org%2F2000%2Fsvg&#39;%20viewBox%3D&#39;0%200%20323%20323&#39;%2F%3E\" data-src=\"https:\/\/mysakemer.com\/wp-content\/uploads\/2023\/06\/IMG_4109-scaled-323x323.jpg\" data-srcset=\"https:\/\/mysakemer.com\/wp-content\/uploads\/2023\/06\/IMG_4109-scaled-323x323.jpg 323w, https:\/\/mysakemer.com\/wp-content\/uploads\/2023\/06\/IMG_4109-scaled-485x485.jpg 485w\" alt=\"\" width=\"323\" height=\"323\"  \/><span class=\"gallery-rollover\"><span class=\"gallery-zoom-ico icomoon-the7-font-the7-zoom-06\"><span><\/span><\/span><\/span><\/a><\/figure><\/div><div class=\"wf-cell\" data-post-id=\"4187\" data-date=\"2023-06-26T15:11:48+03:00\" data-name=\"IMG_4108\"><figure class=\"post visible\"><a href=\"https:\/\/mysakemer.com\/wp-content\/uploads\/2023\/06\/IMG_4108-scaled.jpg\" class=\"rollover dt-pswp-item layzr-bg\" data-large_image_width=\"2560\" data-large_image_height=\"2560\" data-dt-img-description=\"\" title=\"IMG_4108\"><img loading=\"lazy\" decoding=\"async\" class=\"preload-me iso-lazy-load\" src=\"data:image\/svg+xml,%3Csvg%20xmlns%3D&#39;http%3A%2F%2Fwww.w3.org%2F2000%2Fsvg&#39;%20viewBox%3D&#39;0%200%20323%20323&#39;%2F%3E\" data-src=\"https:\/\/mysakemer.com\/wp-content\/uploads\/2023\/06\/IMG_4108-scaled-323x323.jpg\" data-srcset=\"https:\/\/mysakemer.com\/wp-content\/uploads\/2023\/06\/IMG_4108-scaled-323x323.jpg 323w, https:\/\/mysakemer.com\/wp-content\/uploads\/2023\/06\/IMG_4108-scaled-485x485.jpg 485w\" alt=\"\" width=\"323\" height=\"323\"  \/><span class=\"gallery-rollover\"><span class=\"gallery-zoom-ico icomoon-the7-font-the7-zoom-06\"><span><\/span><\/span><\/span><\/a><\/figure><\/div><\/div><!-- iso-container|iso-grid --><\/div>[vc_row_inner][vc_column_inner offset=&#8221;vc_hidden-lg vc_hidden-md&#8221;][vc_empty_space][\/vc_column_inner][\/vc_row_inner][\/vc_column][vc_column width=&#8221;1\/2&#8243;][vc_column_text]<\/p>\n<p style=\"text-align: center;\"><span style=\"margin-right: 20px;\"><i class=\"fas fa-cube\"><\/i> 17m\u00b2<\/span> <span style=\"margin-right: 20px;\"><i class=\"fas fa-users\"><\/i> 3 Person<\/span>\u00a0<span style=\"margin-right: 20px;\"><i class=\"fa fa-bed\"><\/i>1 Bedroom<\/span><\/p>\n<p>[\/vc_column_text]<div id=\"ultimate-heading-707669e168cbb0f9c\" class=\"uvc-heading ult-adjust-bottom-margin ultimate-heading-707669e168cbb0f9c uvc-3378  uvc-heading-default-font-sizes\" data-hspacer=\"no_spacer\"  data-halign=\"center\" style=\"text-align:center\"><div class=\"uvc-heading-spacer no_spacer\" style=\"top\"><\/div><div class=\"uvc-main-heading ult-responsive\"  data-ultimate-target='.uvc-heading.ultimate-heading-707669e168cbb0f9c h2'  data-responsive-json-new='{\"font-size\":\"\",\"line-height\":\"\"}' ><h2 style=\"--font-weight:theme;margin-bottom:20px;\">Room Equipment<\/h2><\/div><div class=\"uvc-sub-heading ult-responsive\"  data-ultimate-target='.uvc-heading.ultimate-heading-707669e168cbb0f9c .uvc-sub-heading '  data-responsive-json-new='{\"font-size\":\"\",\"line-height\":\"\"}'  style=\"font-weight:normal;margin-top:20px;\"><\/p>\n<p style=\"text-align: left;\">Air Conditioning: There is an air conditioner suitable for 1 square meter in our house.<\/p>\n<p style=\"text-align: left;\">Bathroom\/Wc: (hairdryer, kettle)<\/p>\n<p style=\"text-align: left;\">Bed: French Bed (2 person)<\/p>\n<p style=\"text-align: left;\">Kitchen: (fridge, electric cooker, microwave, kettle, electric coffee pot, kitchen utensils)<\/p>\n<p style=\"text-align: left;\">Sitting area: (Led TV)<\/p>\n<p style=\"text-align: left;\">Outside: each house has its own veranda in front of the house.<\/p>\n<p style=\"text-align: left;\">*The safe box is big enough to fit a laptop.<\/p>\n<p><\/div><\/div><style type=\"text\/css\">#dt-btn-1 {color: #6169b4;border-color: #6169b4;}#dt-btn-1 > .text-wrap * {color: #6169b4;}#dt-btn-1:hover {background: #6169b4;border-color: #6169b4;}<\/style><div class=\"text-centered\"><a href=\"https:\/\/mysakemer.com\/iletisim\/\" class=\"btn-shortcode dt-btn-l dt-btn outline-bg-btn custom-btn-color default-btn-hover-color\" id=\"dt-btn-1\"><span>Reservation<\/span><\/a><\/div>[\/vc_column][\/vc_row][vc_row full_width=&#8221;stretch_row&#8221; content_placement=&#8221;middle&#8221; bg_type=&#8221;image&#8221; parallax_style=&#8221;vcpb-vz-jquery&#8221; bg_image_new=&#8221;id^4349|url^https:\/\/mysakemer.com\/wp-content\/uploads\/2023\/06\/kubaba-2.png|caption^null|alt^null|title^kubaba|description^null&#8221; bg_image_repeat=&#8221;repeat-y&#8221; parallax_sense=&#8221;60&#8243; bg_override=&#8221;full&#8221; enable_overlay=&#8221;enable_overlay_value&#8221; overlay_color=&#8221;rgba(0,0,0,0.5)&#8221; css=&#8221;.vc_custom_1687861157109{padding-top: 90px !important;padding-bottom: 50px !important;}&#8221;][vc_column width=&#8221;5\/6&#8243; offset=&#8221;vc_col-lg-offset-1 vc_col-lg-10 vc_col-md-offset-1 vc_col-md-10 vc_col-sm-offset-1&#8243;]<div id=\"ultimate-heading-513669e168cbb10a0\" class=\"uvc-heading ult-adjust-bottom-margin ultimate-heading-513669e168cbb10a0 uvc-346  uvc-heading-default-font-sizes\" data-hspacer=\"no_spacer\"  data-halign=\"center\" style=\"text-align:center\"><div class=\"uvc-heading-spacer no_spacer\" style=\"top\"><\/div><div class=\"uvc-main-heading ult-responsive\"  data-ultimate-target='.uvc-heading.ultimate-heading-513669e168cbb10a0 p'  data-responsive-json-new='{\"font-size\":\"\",\"line-height\":\"\"}' ><p style=\"--font-weight:theme;color:#ffffff;margin-bottom:20px;\">KUBABA<\/p><\/div><div class=\"uvc-sub-heading ult-responsive\"  data-ultimate-target='.uvc-heading.ultimate-heading-513669e168cbb10a0 .uvc-sub-heading '  data-responsive-json-new='{\"font-size\":\"\",\"line-height\":\"\"}'  style=\"font-weight:normal;color:#ffffff;margin-bottom:20px;\">The Mother Goddess is the greatest belief of Anatolia. The Luwians call her annis<br \/>\nmassanassis, the Lycians eni mahanahi, the Hurrians Hepat, the Hittites Kubaba, the<br \/>\nPhrygians Kybele. Preserving its existence for thousands of years from Neolithic \u00c7atalh\u00f6y\u00fck<br \/>\nto the Roman Empire, then transformed into the Virgin Mary in the Artemis of Ephesus. Since<br \/>\nall the goddesses of mythology take their roots from her, they are known as the &#8220;Sisters of<br \/>\nAnatolia&#8221;. This great goddess, the sovereign of man, animals and plants; the symbol of life<br \/>\nand death, is the most well-known symbol of Ancient Anatolian Civilizations.<\/div><\/div>[\/vc_column][\/vc_row]<\/p>\n","protected":false},"excerpt":{"rendered":"<p>[vc_row][vc_column][vc_single_image image=&#8221;4320&#8243; img_size=&#8221;full&#8221; alignment=&#8221;center&#8221;][\/vc_column][\/vc_row][vc_row css=&#8221;.vc_custom_1652274238745{padding-right: 0px !important;padding-bottom: 30px !important;padding-left: 0px !important;}&#8221;][vc_column width=&#8221;1\/2&#8243;][vc_row_inner][vc_column_inner offset=&#8221;vc_hidden-lg vc_hidden-md&#8221;][vc_empty_space][\/vc_column_inner][\/vc_row_inner][\/vc_column][vc_column width=&#8221;1\/2&#8243;][vc_column_text] 17m\u00b2 3 Person\u00a01 Bedroom [\/vc_column_text][\/vc_column][\/vc_row][vc_row full_width=&#8221;stretch_row&#8221; content_placement=&#8221;middle&#8221; bg_type=&#8221;image&#8221; parallax_style=&#8221;vcpb-vz-jquery&#8221; bg_image_new=&#8221;id^4349|url^https:\/\/mysakemer.com\/wp-content\/uploads\/2023\/06\/kubaba-2.png|caption^null|alt^null|title^kubaba|description^null&#8221; bg_image_repeat=&#8221;repeat-y&#8221; parallax_sense=&#8221;60&#8243; bg_override=&#8221;full&#8221; enable_overlay=&#8221;enable_overlay_value&#8221; overlay_color=&#8221;rgba(0,0,0,0.5)&#8221; css=&#8221;.vc_custom_1687861157109{padding-top: 90px !important;padding-bottom: 50px !important;}&#8221;][vc_column width=&#8221;5\/6&#8243; offset=&#8221;vc_col-lg-offset-1 vc_col-lg-10 vc_col-md-offset-1 vc_col-md-10 vc_col-sm-offset-1&#8243;][\/vc_column][\/vc_row]<\/p>\n","protected":false},"author":1,"featured_media":0,"parent":0,"menu_order":0,"comment_status":"closed","ping_status":"closed","template":"","meta":{"footnotes":""},"class_list":["post-4276","page","type-page","status-publish","hentry","description-off"],"_links":{"self":[{"href":"https:\/\/mysakemer.com\/en\/wp-json\/wp\/v2\/pages\/4276","targetHints":{"allow":["GET"]}}],"collection":[{"href":"https:\/\/mysakemer.com\/en\/wp-json\/wp\/v2\/pages"}],"about":[{"href":"https:\/\/mysakemer.com\/en\/wp-json\/wp\/v2\/types\/page"}],"author":[{"embeddable":true,"href":"https:\/\/mysakemer.com\/en\/wp-json\/wp\/v2\/users\/1"}],"replies":[{"embeddable":true,"href":"https:\/\/mysakemer.com\/en\/wp-json\/wp\/v2\/comments?post=4276"}],"version-history":[{"count":9,"href":"https:\/\/mysakemer.com\/en\/wp-json\/wp\/v2\/pages\/4276\/revisions"}],"predecessor-version":[{"id":4525,"href":"https:\/\/mysakemer.com\/en\/wp-json\/wp\/v2\/pages\/4276\/revisions\/4525"}],"wp:attachment":[{"href":"https:\/\/mysakemer.com\/en\/wp-json\/wp\/v2\/media?parent=4276"}],"curies":[{"name":"wp","href":"https:\/\/api.w.org\/{rel}","templated":true}]}}