{"id":3909,"date":"2022-12-29T11:56:11","date_gmt":"2022-12-29T08:56:11","guid":{"rendered":"https:\/\/mysakemer.com\/trqqas\/"},"modified":"2023-07-13T14:59:44","modified_gmt":"2023-07-13T11:59:44","slug":"trqqas","status":"publish","type":"page","link":"https:\/\/mysakemer.com\/de\/trqqas\/","title":{"rendered":"TRQQAS"},"content":{"rendered":"<p>[vc_row][vc_column][vc_single_image image=&#8220;4077&#8243; img_size=&#8220;full&#8220; alignment=&#8220;center&#8220;][\/vc_column][\/vc_row][vc_row css=&#8220;.vc_custom_1652274238745{padding-right: 0px !important;padding-bottom: 30px !important;padding-left: 0px !important;}&#8220;][vc_column width=&#8220;1\/2&#8243;]<style type=\"text\/css\" data-type=\"the7_shortcodes-inline-css\">.gallery-shortcode.gallery-masonry-shortcode-id-8cae605538dea893f548d6b1ce2f0e5f figure,\n.gallery-shortcode.gallery-masonry-shortcode-id-8cae605538dea893f548d6b1ce2f0e5f .rollover,\n.gallery-shortcode.gallery-masonry-shortcode-id-8cae605538dea893f548d6b1ce2f0e5f img,\n.gallery-shortcode.gallery-masonry-shortcode-id-8cae605538dea893f548d6b1ce2f0e5f .gallery-rollover {\n  border-radius: 0px;\n}\n.gallery-shortcode.gallery-masonry-shortcode-id-8cae605538dea893f548d6b1ce2f0e5f.enable-bg-rollover .gallery-rollover {\n  background: -webkit-linear-gradient();\n  background: linear-gradient();\n}\n.gallery-shortcode.gallery-masonry-shortcode-id-8cae605538dea893f548d6b1ce2f0e5f.enable-bg-rollover.hover-scale figure .rollover:after {\n  background: -webkit-linear-gradient();\n  background: linear-gradient();\n}\n.gallery-shortcode.gallery-masonry-shortcode-id-8cae605538dea893f548d6b1ce2f0e5f .gallery-zoom-ico {\n  width: 44px;\n  height: 44px;\n  line-height: 44px;\n  border-radius: 100px;\n  margin: -22px 0 0 -22px;\n  border-width: 0px;\n  color: #ffffff;\n}\n.dt-icon-bg-on.gallery-shortcode.gallery-masonry-shortcode-id-8cae605538dea893f548d6b1ce2f0e5f .gallery-zoom-ico {\n  background: rgba(255,255,255,0.3);\n  box-shadow: none;\n}\n.gallery-shortcode.gallery-masonry-shortcode-id-8cae605538dea893f548d6b1ce2f0e5f .gallery-zoom-ico:before,\n.gallery-shortcode.gallery-masonry-shortcode-id-8cae605538dea893f548d6b1ce2f0e5f .gallery-zoom-ico span {\n  font-size: 32px;\n  line-height: 44px;\n  color: #ffffff;\n}\n.gallery-shortcode.gallery-masonry-shortcode-id-8cae605538dea893f548d6b1ce2f0e5f:not(.resize-by-browser-width) .dt-css-grid {\n  grid-row-gap: 10px;\n  grid-column-gap: 10px;\n  grid-template-columns: repeat(auto-fill,minmax(,1fr));\n}\n.gallery-shortcode.gallery-masonry-shortcode-id-8cae605538dea893f548d6b1ce2f0e5f:not(.resize-by-browser-width) .dt-css-grid .double-width {\n  grid-column: span 2;\n}\n.cssgridlegacy.no-cssgrid .gallery-shortcode.gallery-masonry-shortcode-id-8cae605538dea893f548d6b1ce2f0e5f:not(.resize-by-browser-width) .dt-css-grid,\n.no-cssgridlegacy.no-cssgrid .gallery-shortcode.gallery-masonry-shortcode-id-8cae605538dea893f548d6b1ce2f0e5f:not(.resize-by-browser-width) .dt-css-grid {\n  display: flex;\n  flex-flow: row wrap;\n  margin: -5px;\n}\n.cssgridlegacy.no-cssgrid .gallery-shortcode.gallery-masonry-shortcode-id-8cae605538dea893f548d6b1ce2f0e5f:not(.resize-by-browser-width) .dt-css-grid .wf-cell,\n.no-cssgridlegacy.no-cssgrid .gallery-shortcode.gallery-masonry-shortcode-id-8cae605538dea893f548d6b1ce2f0e5f:not(.resize-by-browser-width) .dt-css-grid .wf-cell {\n  flex: 1 0 ;\n  max-width: 100%;\n  padding: 5px;\n  box-sizing: border-box;\n}\n.gallery-shortcode.gallery-masonry-shortcode-id-8cae605538dea893f548d6b1ce2f0e5f.resize-by-browser-width .dt-css-grid {\n  grid-template-columns: repeat(3,1fr);\n  grid-template-rows: auto;\n  grid-column-gap: 10px;\n  grid-row-gap: 10px;\n}\n.gallery-shortcode.gallery-masonry-shortcode-id-8cae605538dea893f548d6b1ce2f0e5f.resize-by-browser-width .dt-css-grid .double-width {\n  grid-column: span 2;\n}\n.cssgridlegacy.no-cssgrid .gallery-shortcode.gallery-masonry-shortcode-id-8cae605538dea893f548d6b1ce2f0e5f.resize-by-browser-width .dt-css-grid {\n  margin: -5px;\n}\n.cssgridlegacy.no-cssgrid .gallery-shortcode.gallery-masonry-shortcode-id-8cae605538dea893f548d6b1ce2f0e5f.resize-by-browser-width .dt-css-grid .wf-cell {\n  width: 33.333333333333%;\n  padding: 5px;\n}\n.cssgridlegacy.no-cssgrid .gallery-shortcode.gallery-masonry-shortcode-id-8cae605538dea893f548d6b1ce2f0e5f.resize-by-browser-width .dt-css-grid .wf-cell.double-width {\n  width: calc(33.333333333333%) * 2;\n}\n.gallery-shortcode.gallery-masonry-shortcode-id-8cae605538dea893f548d6b1ce2f0e5f.resize-by-browser-width:not(.centered-layout-list):not(.content-bg-on) .dt-css-grid {\n  grid-row-gap: 10px - ;\n}\n@media screen and (max-width: 1199px) {\n  .gallery-shortcode.gallery-masonry-shortcode-id-8cae605538dea893f548d6b1ce2f0e5f.resize-by-browser-width .dt-css-grid {\n    grid-template-columns: repeat(3,1fr);\n  }\n  .cssgridlegacy.no-cssgrid .gallery-shortcode.gallery-masonry-shortcode-id-8cae605538dea893f548d6b1ce2f0e5f.resize-by-browser-width .dt-css-grid .wf-cell,\n  .no-cssgridlegacy.no-cssgrid .gallery-shortcode.gallery-masonry-shortcode-id-8cae605538dea893f548d6b1ce2f0e5f.resize-by-browser-width .dt-css-grid .wf-cell {\n    width: 33.333333333333%;\n  }\n  .cssgridlegacy.no-cssgrid .gallery-shortcode.gallery-masonry-shortcode-id-8cae605538dea893f548d6b1ce2f0e5f.resize-by-browser-width .dt-css-grid .wf-cell.double-width,\n  .no-cssgridlegacy.no-cssgrid .gallery-shortcode.gallery-masonry-shortcode-id-8cae605538dea893f548d6b1ce2f0e5f.resize-by-browser-width .dt-css-grid .wf-cell.double-width {\n    width: calc(33.333333333333%)*2;\n  }\n}\n@media screen and (max-width: 991px) {\n  .gallery-shortcode.gallery-masonry-shortcode-id-8cae605538dea893f548d6b1ce2f0e5f.resize-by-browser-width .dt-css-grid {\n    grid-template-columns: repeat(3,1fr);\n  }\n  .cssgridlegacy.no-cssgrid .gallery-shortcode.gallery-masonry-shortcode-id-8cae605538dea893f548d6b1ce2f0e5f.resize-by-browser-width .dt-css-grid .wf-cell,\n  .no-cssgridlegacy.no-cssgrid .gallery-shortcode.gallery-masonry-shortcode-id-8cae605538dea893f548d6b1ce2f0e5f.resize-by-browser-width .dt-css-grid .wf-cell {\n    width: 33.333333333333%;\n  }\n  .cssgridlegacy.no-cssgrid .gallery-shortcode.gallery-masonry-shortcode-id-8cae605538dea893f548d6b1ce2f0e5f.resize-by-browser-width .dt-css-grid .wf-cell.double-width,\n  .no-cssgridlegacy.no-cssgrid .gallery-shortcode.gallery-masonry-shortcode-id-8cae605538dea893f548d6b1ce2f0e5f.resize-by-browser-width .dt-css-grid .wf-cell.double-width {\n    width: calc(33.333333333333%)*2;\n  }\n}\n@media screen and (max-width: 767px) {\n  .gallery-shortcode.gallery-masonry-shortcode-id-8cae605538dea893f548d6b1ce2f0e5f.resize-by-browser-width .dt-css-grid {\n    grid-template-columns: repeat(3,1fr);\n  }\n  .cssgridlegacy.no-cssgrid .gallery-shortcode.gallery-masonry-shortcode-id-8cae605538dea893f548d6b1ce2f0e5f.resize-by-browser-width .dt-css-grid .wf-cell,\n  .no-cssgridlegacy.no-cssgrid .gallery-shortcode.gallery-masonry-shortcode-id-8cae605538dea893f548d6b1ce2f0e5f.resize-by-browser-width .dt-css-grid .wf-cell {\n    width: 33.333333333333%;\n  }\n  .cssgridlegacy.no-cssgrid .gallery-shortcode.gallery-masonry-shortcode-id-8cae605538dea893f548d6b1ce2f0e5f.resize-by-browser-width .dt-css-grid .wf-cell.double-width,\n  .no-cssgridlegacy.no-cssgrid .gallery-shortcode.gallery-masonry-shortcode-id-8cae605538dea893f548d6b1ce2f0e5f.resize-by-browser-width .dt-css-grid .wf-cell.double-width {\n    width: calc(33.333333333333%)*2;\n  }\n}\n<\/style><div class=\"gallery-shortcode dt-gallery-container gallery-masonry-shortcode-id-8cae605538dea893f548d6b1ce2f0e5f mode-grid jquery-filter dt-icon-bg-off quick-scale-img dt-css-grid-wrap enable-bg-rollover resize-by-browser-width  hover-fade loading-effect-none description-on-hover\" data-padding=\"5px\" data-cur-page=\"1\" data-post-limit=\"-1\" data-pagination-mode=\"none\" data-desktop-columns-num=\"3\" data-v-tablet-columns-num=\"3\" data-h-tablet-columns-num=\"3\" data-phone-columns-num=\"3\" data-width=\"0px\" data-columns=\"0\"><div class=\"dt-css-grid\" ><div class=\"wf-cell\" data-post-id=\"4395\" data-date=\"2023-07-13T13:25:40+03:00\" data-name=\"IMG_4916\"><figure class=\"post visible\"><a href=\"https:\/\/mysakemer.com\/wp-content\/uploads\/2023\/07\/IMG_4916-scaled.jpg\" class=\"rollover dt-pswp-item layzr-bg\" data-large_image_width=\"2560\" data-large_image_height=\"2560\" data-dt-img-description=\"\" title=\"IMG_4916\"><img loading=\"lazy\" decoding=\"async\" class=\"preload-me iso-lazy-load\" src=\"data:image\/svg+xml,%3Csvg%20xmlns%3D&#39;http%3A%2F%2Fwww.w3.org%2F2000%2Fsvg&#39;%20viewBox%3D&#39;0%200%20323%20323&#39;%2F%3E\" data-src=\"https:\/\/mysakemer.com\/wp-content\/uploads\/2023\/07\/IMG_4916-scaled-323x323.jpg\" data-srcset=\"https:\/\/mysakemer.com\/wp-content\/uploads\/2023\/07\/IMG_4916-scaled-323x323.jpg 323w, https:\/\/mysakemer.com\/wp-content\/uploads\/2023\/07\/IMG_4916-scaled-485x485.jpg 485w\" alt=\"\" width=\"323\" height=\"323\"  \/><span class=\"gallery-rollover\"><span class=\"gallery-zoom-ico icomoon-the7-font-the7-zoom-06\"><span><\/span><\/span><\/span><\/a><\/figure><\/div><div class=\"wf-cell\" data-post-id=\"3938\" data-date=\"2022-12-29T16:13:53+03:00\" data-name=\"IMG_9289\"><figure class=\"post visible\"><a href=\"https:\/\/mysakemer.com\/wp-content\/uploads\/2022\/12\/IMG_9289-scaled.jpg\" class=\"rollover dt-pswp-item layzr-bg\" data-large_image_width=\"2560\" data-large_image_height=\"1920\" data-dt-img-description=\"\" title=\"IMG_9289\"><img loading=\"lazy\" decoding=\"async\" class=\"preload-me iso-lazy-load\" src=\"data:image\/svg+xml,%3Csvg%20xmlns%3D&#39;http%3A%2F%2Fwww.w3.org%2F2000%2Fsvg&#39;%20viewBox%3D&#39;0%200%20323%20323&#39;%2F%3E\" data-src=\"https:\/\/mysakemer.com\/wp-content\/uploads\/2022\/12\/IMG_9289-scaled-323x323.jpg\" data-srcset=\"https:\/\/mysakemer.com\/wp-content\/uploads\/2022\/12\/IMG_9289-scaled-323x323.jpg 323w, https:\/\/mysakemer.com\/wp-content\/uploads\/2022\/12\/IMG_9289-scaled-485x485.jpg 485w\" alt=\"\" width=\"323\" height=\"323\"  \/><span class=\"gallery-rollover\"><span class=\"gallery-zoom-ico icomoon-the7-font-the7-zoom-06\"><span><\/span><\/span><\/span><\/a><\/figure><\/div><div class=\"wf-cell\" data-post-id=\"3946\" data-date=\"2022-12-29T16:14:07+03:00\" data-name=\"IMG_9298\"><figure class=\"post visible\"><a href=\"https:\/\/mysakemer.com\/wp-content\/uploads\/2022\/12\/IMG_9298-scaled.jpg\" class=\"rollover dt-pswp-item layzr-bg\" data-large_image_width=\"2560\" data-large_image_height=\"1920\" data-dt-img-description=\"\" title=\"IMG_9298\"><img loading=\"lazy\" decoding=\"async\" class=\"preload-me iso-lazy-load\" src=\"data:image\/svg+xml,%3Csvg%20xmlns%3D&#39;http%3A%2F%2Fwww.w3.org%2F2000%2Fsvg&#39;%20viewBox%3D&#39;0%200%20323%20323&#39;%2F%3E\" data-src=\"https:\/\/mysakemer.com\/wp-content\/uploads\/2022\/12\/IMG_9298-scaled-323x323.jpg\" data-srcset=\"https:\/\/mysakemer.com\/wp-content\/uploads\/2022\/12\/IMG_9298-scaled-323x323.jpg 323w, https:\/\/mysakemer.com\/wp-content\/uploads\/2022\/12\/IMG_9298-scaled-485x485.jpg 485w\" alt=\"\" width=\"323\" height=\"323\"  \/><span class=\"gallery-rollover\"><span class=\"gallery-zoom-ico icomoon-the7-font-the7-zoom-06\"><span><\/span><\/span><\/span><\/a><\/figure><\/div><div class=\"wf-cell\" data-post-id=\"3950\" data-date=\"2022-12-29T16:14:13+03:00\" data-name=\"IMG_9308\"><figure class=\"post visible\"><a href=\"https:\/\/mysakemer.com\/wp-content\/uploads\/2022\/12\/IMG_9308-scaled.jpg\" class=\"rollover dt-pswp-item layzr-bg\" data-large_image_width=\"2560\" data-large_image_height=\"1920\" data-dt-img-description=\"\" title=\"IMG_9308\"><img loading=\"lazy\" decoding=\"async\" class=\"preload-me iso-lazy-load\" src=\"data:image\/svg+xml,%3Csvg%20xmlns%3D&#39;http%3A%2F%2Fwww.w3.org%2F2000%2Fsvg&#39;%20viewBox%3D&#39;0%200%20323%20323&#39;%2F%3E\" data-src=\"https:\/\/mysakemer.com\/wp-content\/uploads\/2022\/12\/IMG_9308-scaled-323x323.jpg\" data-srcset=\"https:\/\/mysakemer.com\/wp-content\/uploads\/2022\/12\/IMG_9308-scaled-323x323.jpg 323w, https:\/\/mysakemer.com\/wp-content\/uploads\/2022\/12\/IMG_9308-scaled-485x485.jpg 485w\" alt=\"\" width=\"323\" height=\"323\"  \/><span class=\"gallery-rollover\"><span class=\"gallery-zoom-ico icomoon-the7-font-the7-zoom-06\"><span><\/span><\/span><\/span><\/a><\/figure><\/div><div class=\"wf-cell\" data-post-id=\"3954\" data-date=\"2022-12-29T16:14:19+03:00\" data-name=\"IMG_9287\"><figure class=\"post visible\"><a href=\"https:\/\/mysakemer.com\/wp-content\/uploads\/2022\/12\/IMG_9287-scaled.jpg\" class=\"rollover dt-pswp-item layzr-bg\" data-large_image_width=\"2560\" data-large_image_height=\"1920\" data-dt-img-description=\"\" title=\"IMG_9287\"><img loading=\"lazy\" decoding=\"async\" class=\"preload-me iso-lazy-load\" src=\"data:image\/svg+xml,%3Csvg%20xmlns%3D&#39;http%3A%2F%2Fwww.w3.org%2F2000%2Fsvg&#39;%20viewBox%3D&#39;0%200%20323%20323&#39;%2F%3E\" data-src=\"https:\/\/mysakemer.com\/wp-content\/uploads\/2022\/12\/IMG_9287-scaled-323x323.jpg\" data-srcset=\"https:\/\/mysakemer.com\/wp-content\/uploads\/2022\/12\/IMG_9287-scaled-323x323.jpg 323w, https:\/\/mysakemer.com\/wp-content\/uploads\/2022\/12\/IMG_9287-scaled-485x485.jpg 485w\" alt=\"\" width=\"323\" height=\"323\"  \/><span class=\"gallery-rollover\"><span class=\"gallery-zoom-ico icomoon-the7-font-the7-zoom-06\"><span><\/span><\/span><\/span><\/a><\/figure><\/div><div class=\"wf-cell\" data-post-id=\"3934\" data-date=\"2022-12-29T16:13:47+03:00\" data-name=\"IMG_9292\"><figure class=\"post visible\"><a href=\"https:\/\/mysakemer.com\/wp-content\/uploads\/2022\/12\/IMG_9292-scaled.jpg\" class=\"rollover dt-pswp-item layzr-bg\" data-large_image_width=\"2560\" data-large_image_height=\"1920\" data-dt-img-description=\"\" title=\"IMG_9292\"><img loading=\"lazy\" decoding=\"async\" class=\"preload-me iso-lazy-load\" src=\"data:image\/svg+xml,%3Csvg%20xmlns%3D&#39;http%3A%2F%2Fwww.w3.org%2F2000%2Fsvg&#39;%20viewBox%3D&#39;0%200%20323%20323&#39;%2F%3E\" data-src=\"https:\/\/mysakemer.com\/wp-content\/uploads\/2022\/12\/IMG_9292-scaled-323x323.jpg\" data-srcset=\"https:\/\/mysakemer.com\/wp-content\/uploads\/2022\/12\/IMG_9292-scaled-323x323.jpg 323w, https:\/\/mysakemer.com\/wp-content\/uploads\/2022\/12\/IMG_9292-scaled-485x485.jpg 485w\" alt=\"\" width=\"323\" height=\"323\"  \/><span class=\"gallery-rollover\"><span class=\"gallery-zoom-ico icomoon-the7-font-the7-zoom-06\"><span><\/span><\/span><\/span><\/a><\/figure><\/div><div class=\"wf-cell\" data-post-id=\"4150\" data-date=\"2023-01-04T09:23:02+03:00\" data-name=\"650TINY_PLANLAR\"><figure class=\"post visible\"><a href=\"https:\/\/mysakemer.com\/wp-content\/uploads\/2023\/01\/650TINY_PLANLAR.png\" class=\"rollover dt-pswp-item layzr-bg\" data-large_image_width=\"2339\" data-large_image_height=\"1653\" data-dt-img-description=\"\" title=\"650TINY_PLANLAR\"><img loading=\"lazy\" decoding=\"async\" class=\"preload-me iso-lazy-load\" src=\"data:image\/svg+xml,%3Csvg%20xmlns%3D&#39;http%3A%2F%2Fwww.w3.org%2F2000%2Fsvg&#39;%20viewBox%3D&#39;0%200%20323%20323&#39;%2F%3E\" data-src=\"https:\/\/mysakemer.com\/wp-content\/uploads\/2023\/01\/650TINY_PLANLAR-323x323.png\" data-srcset=\"https:\/\/mysakemer.com\/wp-content\/uploads\/2023\/01\/650TINY_PLANLAR-323x323.png 323w, https:\/\/mysakemer.com\/wp-content\/uploads\/2023\/01\/650TINY_PLANLAR-485x485.png 485w\" alt=\"\" width=\"323\" height=\"323\"  \/><span class=\"gallery-rollover\"><span class=\"gallery-zoom-ico icomoon-the7-font-the7-zoom-06\"><span><\/span><\/span><\/span><\/a><\/figure><\/div><div class=\"wf-cell\" data-post-id=\"4146\" data-date=\"2023-01-04T09:22:58+03:00\" data-name=\"650TINY_PLANLAR2\"><figure class=\"post visible\"><a href=\"https:\/\/mysakemer.com\/wp-content\/uploads\/2023\/01\/650TINY_PLANLAR2.png\" class=\"rollover dt-pswp-item layzr-bg\" data-large_image_width=\"2339\" data-large_image_height=\"1653\" data-dt-img-description=\"\" title=\"650TINY_PLANLAR2\"><img loading=\"lazy\" decoding=\"async\" class=\"preload-me iso-lazy-load\" src=\"data:image\/svg+xml,%3Csvg%20xmlns%3D&#39;http%3A%2F%2Fwww.w3.org%2F2000%2Fsvg&#39;%20viewBox%3D&#39;0%200%20323%20323&#39;%2F%3E\" data-src=\"https:\/\/mysakemer.com\/wp-content\/uploads\/2023\/01\/650TINY_PLANLAR2-323x323.png\" data-srcset=\"https:\/\/mysakemer.com\/wp-content\/uploads\/2023\/01\/650TINY_PLANLAR2-323x323.png 323w, https:\/\/mysakemer.com\/wp-content\/uploads\/2023\/01\/650TINY_PLANLAR2-485x485.png 485w\" alt=\"\" width=\"323\" height=\"323\"  \/><span class=\"gallery-rollover\"><span class=\"gallery-zoom-ico icomoon-the7-font-the7-zoom-06\"><span><\/span><\/span><\/span><\/a><\/figure><\/div><\/div><!-- iso-container|iso-grid --><\/div>[vc_row_inner][vc_column_inner offset=&#8220;vc_hidden-lg vc_hidden-md&#8220;][vc_empty_space][\/vc_column_inner][\/vc_row_inner][\/vc_column][vc_column width=&#8220;1\/2&#8243;][vc_column_text]<\/p>\n<p style=\"text-align: center;\"><span style=\"margin-right: 20px;\"><i class=\"fas fa-cube\"><\/i> 17m\u00b2\u00a0<\/span> <span style=\"margin-right: 20px;\"><i class=\"fas fa-users\"><\/i> 3 Person\u00a0<\/span> <span style=\"margin-right: 20px;\"><i class=\"fa fa-bed\"><\/i> 1 Schlafzimmer<\/span><\/p>\n<p>[\/vc_column_text]<div id=\"ultimate-heading-264069eb8b5c6deca\" class=\"uvc-heading ult-adjust-bottom-margin ultimate-heading-264069eb8b5c6deca uvc-6414  uvc-heading-default-font-sizes\" data-hspacer=\"no_spacer\"  data-halign=\"left\" style=\"text-align:left\"><div class=\"uvc-heading-spacer no_spacer\" style=\"top\"><\/div><div class=\"uvc-main-heading ult-responsive\"  data-ultimate-target='.uvc-heading.ultimate-heading-264069eb8b5c6deca h2'  data-responsive-json-new='{\"font-size\":\"\",\"line-height\":\"\"}' ><h2 style=\"--font-weight:theme;margin-bottom:20px;\">Zimmerausstattung<\/h2><\/div><div class=\"uvc-sub-heading ult-responsive\"  data-ultimate-target='.uvc-heading.ultimate-heading-264069eb8b5c6deca .uvc-sub-heading '  data-responsive-json-new='{\"font-size\":\"\",\"line-height\":\"\"}'  style=\"font-weight:normal;margin-top:20px;\"><\/p>\n<p style=\"text-align: left;\">Klimaanlage: In unserem Haus gibt es eine Klimaanlage f\u00fcr 1 Quadratmeter.<\/p>\n<p style=\"text-align: left;\">Bad\/Wc: (Haartrocner, Wasserkocher)<\/p>\n<p>Bett: French Bed (2 person)<\/p>\n<p>K\u00fcche: (K\u00fchlschrank, Elektroherd, Mikrowelle, Wasserkocher, elektrische Kaffeekanne, K\u00fcchenutensilien)<\/p>\n<p>Sitzbereich: (Led TV)<\/p>\n<p>*Die Safebox ist so gro\u00df, dass ein Laptop hineinpasst.<\/div><\/div><style type=\"text\/css\">#dt-btn-1 {color: #207bab;border-color: #1e73be;}#dt-btn-1 > .text-wrap * {color: #207bab;}#dt-btn-1:hover {background: #207bab;border-color: #207bab;}<\/style><div class=\"text-centered\"><a href=\"https:\/\/mysakemer.com\/iletisim\/\" class=\"btn-shortcode dt-btn-l dt-btn outline-bg-btn custom-btn-color default-btn-hover-color\" id=\"dt-btn-1\"><span>Reservierung<\/span><\/a><\/div>[\/vc_column][\/vc_row][vc_row full_width=&#8220;stretch_row&#8220; content_placement=&#8220;middle&#8220; bg_type=&#8220;image&#8220; parallax_style=&#8220;vcpb-vz-jquery&#8220; bg_image_new=&#8220;id^4093|url^https:\/\/mysakemer.com\/wp-content\/uploads\/2022\/12\/TRQQRA-1599-\u00d7-756-piksel-2.png|caption^null|alt^null|title^TRQQRA (1599 \u00d7 756 piksel)|description^null&#8220; bg_image_repeat=&#8220;repeat-y&#8220; parallax_sense=&#8220;60&#8243; bg_override=&#8220;full&#8220; enable_overlay=&#8220;enable_overlay_value&#8220; overlay_color=&#8220;rgba(0,0,0,0.5)&#8220; css=&#8220;.vc_custom_1672434109229{padding-top: 90px !important;padding-bottom: 50px !important;}&#8220;][vc_column width=&#8220;5\/6&#8243; offset=&#8220;vc_col-lg-offset-1 vc_col-lg-10 vc_col-md-offset-1 vc_col-md-10 vc_col-sm-offset-1&#8243;]<div id=\"ultimate-heading-379669eb8b5c6dffa\" class=\"uvc-heading ult-adjust-bottom-margin ultimate-heading-379669eb8b5c6dffa uvc-9492  uvc-heading-default-font-sizes\" data-hspacer=\"no_spacer\"  data-halign=\"center\" style=\"text-align:center\"><div class=\"uvc-heading-spacer no_spacer\" style=\"top\"><\/div><div class=\"uvc-main-heading ult-responsive\"  data-ultimate-target='.uvc-heading.ultimate-heading-379669eb8b5c6dffa p'  data-responsive-json-new='{\"font-size\":\"\",\"line-height\":\"\"}' ><p style=\"--font-weight:theme;color:#ffffff;margin-bottom:20px;\">TRQQAS<\/p><\/div><div class=\"uvc-sub-heading ult-responsive\"  data-ultimate-target='.uvc-heading.ultimate-heading-379669eb8b5c6dffa .uvc-sub-heading '  data-responsive-json-new='{\"font-size\":\"\",\"line-height\":\"\"}'  style=\"font-weight:normal;color:#ffffff;margin-bottom:20px;\">Der Himmelsgott, ins Lykische als Trqqas adaptiert, wird mit dem luwischen Sturmgott Tarhunt\/Tarhunzas gleichgesetzt. Es ist derselbe Name mit der doppelschneidigen Axt und dem Blitz, die er in seiner Hand tr\u00e4gt. Er ist identisch mit Zeus der Hellenen. In den hellenischen Inschriften des 1. Jahrtausends v. Chr. wird es als Trokondas gelesen und mit diesem Namen in der Kulturgeographie von Ostlykien, Pisidien und Pamphylien bis in die R\u00f6merzeit respektiert.<\/div><\/div>[\/vc_column][\/vc_row]<\/p>\n","protected":false},"excerpt":{"rendered":"<p>[vc_row][vc_column][vc_single_image image=&#8220;4077&#8243; img_size=&#8220;full&#8220; alignment=&#8220;center&#8220;][\/vc_column][\/vc_row][vc_row css=&#8220;.vc_custom_1652274238745{padding-right: 0px !important;padding-bottom: 30px !important;padding-left: 0px !important;}&#8220;][vc_column width=&#8220;1\/2&#8243;][vc_row_inner][vc_column_inner offset=&#8220;vc_hidden-lg vc_hidden-md&#8220;][vc_empty_space][\/vc_column_inner][\/vc_row_inner][\/vc_column][vc_column width=&#8220;1\/2&#8243;][vc_column_text] 17m\u00b2\u00a0 3 Person\u00a0 1 Schlafzimmer [\/vc_column_text][\/vc_column][\/vc_row][vc_row full_width=&#8220;stretch_row&#8220; content_placement=&#8220;middle&#8220; bg_type=&#8220;image&#8220; parallax_style=&#8220;vcpb-vz-jquery&#8220; bg_image_new=&#8220;id^4093|url^https:\/\/mysakemer.com\/wp-content\/uploads\/2022\/12\/TRQQRA-1599-\u00d7-756-piksel-2.png|caption^null|alt^null|title^TRQQRA (1599 \u00d7 756 piksel)|description^null&#8220; bg_image_repeat=&#8220;repeat-y&#8220; parallax_sense=&#8220;60&#8243; bg_override=&#8220;full&#8220; enable_overlay=&#8220;enable_overlay_value&#8220; overlay_color=&#8220;rgba(0,0,0,0.5)&#8220; css=&#8220;.vc_custom_1672434109229{padding-top: 90px !important;padding-bottom: 50px !important;}&#8220;][vc_column width=&#8220;5\/6&#8243; offset=&#8220;vc_col-lg-offset-1 vc_col-lg-10 vc_col-md-offset-1 vc_col-md-10 vc_col-sm-offset-1&#8243;][\/vc_column][\/vc_row]<\/p>\n","protected":false},"author":1,"featured_media":0,"parent":0,"menu_order":0,"comment_status":"closed","ping_status":"closed","template":"","meta":{"footnotes":""},"class_list":["post-3909","page","type-page","status-publish","hentry","description-off"],"_links":{"self":[{"href":"https:\/\/mysakemer.com\/de\/wp-json\/wp\/v2\/pages\/3909","targetHints":{"allow":["GET"]}}],"collection":[{"href":"https:\/\/mysakemer.com\/de\/wp-json\/wp\/v2\/pages"}],"about":[{"href":"https:\/\/mysakemer.com\/de\/wp-json\/wp\/v2\/types\/page"}],"author":[{"embeddable":true,"href":"https:\/\/mysakemer.com\/de\/wp-json\/wp\/v2\/users\/1"}],"replies":[{"embeddable":true,"href":"https:\/\/mysakemer.com\/de\/wp-json\/wp\/v2\/comments?post=3909"}],"version-history":[{"count":12,"href":"https:\/\/mysakemer.com\/de\/wp-json\/wp\/v2\/pages\/3909\/revisions"}],"predecessor-version":[{"id":4535,"href":"https:\/\/mysakemer.com\/de\/wp-json\/wp\/v2\/pages\/3909\/revisions\/4535"}],"wp:attachment":[{"href":"https:\/\/mysakemer.com\/de\/wp-json\/wp\/v2\/media?parent=3909"}],"curies":[{"name":"wp","href":"https:\/\/api.w.org\/{rel}","templated":true}]}}