{"id":3132,"date":"2022-04-18T14:17:04","date_gmt":"2022-04-18T11:17:04","guid":{"rendered":"https:\/\/mysakemer.com\/faq\/"},"modified":"2025-04-09T14:00:01","modified_gmt":"2025-04-09T11:00:01","slug":"faq","status":"publish","type":"page","link":"https:\/\/mysakemer.com\/de\/faq\/","title":{"rendered":"FAQ"},"content":{"rendered":"<p>[vc_row][vc_column][vc_tta_accordion][vc_tta_section title=&#8220;WAS SIND DIE BEDINGUNGEN F\u00dcR DIE ANMIETUNG EINES HAUSES?&#8220; tab_id=&#8220;1651737326451-674b082f-2ce0&#8243;][vc_column_text]<br \/>\nMindestens 4 Monate zwischen dem 15. April und dem 15. November, wenn die Einrichtung ge\u00f6ffnet ist<\/p>\n<p>Maximal 7 Monate k\u00f6nnen gemietet werden<\/p>\n<p>-Haustiere minderer Rassen werden akzeptiert.<\/p>\n<p>-Es gibt keinen Service f\u00fcr Fr\u00fchst\u00fcck und andere Mahlzeiten.<\/p>\n<p>Die H\u00e4user werden mit einer Split-Klimaanlage beheizt und gek\u00fchlt.<\/p>\n<p>-Internetzugang mit kostenlosem Wifi ist m\u00f6glich.<\/p>\n<p>-Jedes Haus hat ein eigenes Bad, WC und Warmwasser.<\/p>\n<p>15. April \/ 15. November, au\u00dfer zu den Daten<\/p>\n<p>-Mysa Kemer liegt im Stadtzentrum, 45 km vom Stadtzentrum Antalyas entfernt,<\/p>\n<p>ist 58 km vom Flughafen entfernt. Sie k\u00f6nnen das Anwesen mit \u00f6ffentlichen Verkehrsmitteln und dem Auto erreichen.<\/p>\n<p>-Das Meer ist 300 m zu Fu\u00df entfernt.<\/p>\n<p>-Es gibt Sonnenliegen, Duschen und eine Liegewiese.<\/p>\n<p>Sie k\u00f6nnen den Strand entweder zu Fu\u00df oder mit dem Fahrrad erreichen<\/p>\n<p>-Jedes Haus hat 2 Parkpl\u00e4tze innerhalb der Anlage<\/p>\n<p>-Es gibt keinen Catering-Service in der Anlage. Aufgrund der N\u00e4he zum Stadtzentrum<\/p>\n<p>gibt es mehr als ein Lokal zum Essen. Wenn Sie es w\u00fcnschen, k\u00f6nnen Sie ein Pauschalangebot<\/p>\n<p>nutzen.<\/p>\n<p>-Sie k\u00f6nnen monatlich Fahrr\u00e4der ausleihen, die zur Einrichtung geh\u00f6ren.<\/p>\n<p>-In der Anlage gibt es eine geb\u00fchrenpflichtige W\u00e4scherei.<\/p>\n<p>Das Grillen auf vorgegebenen Fl\u00e4chen in den G\u00e4rten der H\u00e4user<\/p>\n<p>ist kostenlos. Die Reinigung des Grills ist Sache des Mieters.<\/p>\n<p>Bei der Anmietung des Hauses wird eine einmalige Kaution von 30.000\u20ba erhoben.<\/p>\n<p>Am Ende des Mietverh\u00e4ltnisses wird sie dem Mieter zur\u00fcckerstattet, wenn keine Sch\u00e4den am Haus entstanden sind.<\/p>\n<p>-W\u00e4hrend des Mietverh\u00e4ltnisses wird eine monatliche Geb\u00fchr von 5.000\u20ba erhoben.<\/p>\n<p>-Es ist verboten, G\u00e4ste von au\u00dferhalb aufzunehmen, ohne die Verwaltung dar\u00fcber zu informieren.<\/p>\n<p>-Der Mietpreis beinhaltet Strom<br \/>\n[\/vc_column_text][\/vc_tta_section][\/vc_tta_accordion][\/vc_column][\/vc_row]<\/p>\n","protected":false},"excerpt":{"rendered":"<p>[vc_row][vc_column][vc_tta_accordion][vc_tta_section title=&#8220;WAS SIND DIE BEDINGUNGEN F\u00dcR DIE ANMIETUNG EINES HAUSES?&#8220; tab_id=&#8220;1651737326451-674b082f-2ce0&#8243;][vc_column_text] Mindestens 4 Monate zwischen dem 15. April und dem 15. November, wenn die Einrichtung ge\u00f6ffnet ist Maximal 7 Monate k\u00f6nnen gemietet werden -Haustiere minderer Rassen werden akzeptiert. -Es gibt keinen Service f\u00fcr Fr\u00fchst\u00fcck und andere Mahlzeiten. Die H\u00e4user werden mit einer Split-Klimaanlage beheizt und&hellip;<\/p>\n","protected":false},"author":1,"featured_media":0,"parent":0,"menu_order":0,"comment_status":"closed","ping_status":"closed","template":"","meta":{"footnotes":""},"class_list":["post-3132","page","type-page","status-publish","hentry","description-off"],"_links":{"self":[{"href":"https:\/\/mysakemer.com\/de\/wp-json\/wp\/v2\/pages\/3132","targetHints":{"allow":["GET"]}}],"collection":[{"href":"https:\/\/mysakemer.com\/de\/wp-json\/wp\/v2\/pages"}],"about":[{"href":"https:\/\/mysakemer.com\/de\/wp-json\/wp\/v2\/types\/page"}],"author":[{"embeddable":true,"href":"https:\/\/mysakemer.com\/de\/wp-json\/wp\/v2\/users\/1"}],"replies":[{"embeddable":true,"href":"https:\/\/mysakemer.com\/de\/wp-json\/wp\/v2\/comments?post=3132"}],"version-history":[{"count":6,"href":"https:\/\/mysakemer.com\/de\/wp-json\/wp\/v2\/pages\/3132\/revisions"}],"predecessor-version":[{"id":4574,"href":"https:\/\/mysakemer.com\/de\/wp-json\/wp\/v2\/pages\/3132\/revisions\/4574"}],"wp:attachment":[{"href":"https:\/\/mysakemer.com\/de\/wp-json\/wp\/v2\/media?parent=3132"}],"curies":[{"name":"wp","href":"https:\/\/api.w.org\/{rel}","templated":true}]}}