{"id":3126,"date":"2022-05-11T16:35:14","date_gmt":"2022-05-11T13:35:14","guid":{"rendered":"https:\/\/mysakemer.com\/pedrita\/"},"modified":"2023-07-13T14:58:57","modified_gmt":"2023-07-13T11:58:57","slug":"pedrita","status":"publish","type":"page","link":"https:\/\/mysakemer.com\/de\/pedrita\/","title":{"rendered":"PEDR\u0130TA"},"content":{"rendered":"<p>[vc_row][vc_column][vc_single_image image=&#8220;2434&#8243; img_size=&#8220;full&#8220; alignment=&#8220;center&#8220;][\/vc_column][\/vc_row][vc_row css=&#8220;.vc_custom_1652274238745{padding-right: 0px !important;padding-bottom: 30px !important;padding-left: 0px !important;}&#8220;][vc_column width=&#8220;1\/2&#8243;]<style type=\"text\/css\" data-type=\"the7_shortcodes-inline-css\">.gallery-shortcode.gallery-masonry-shortcode-id-27648f5faeda10fe59fda52c86a1ac98 figure,\n.gallery-shortcode.gallery-masonry-shortcode-id-27648f5faeda10fe59fda52c86a1ac98 .rollover,\n.gallery-shortcode.gallery-masonry-shortcode-id-27648f5faeda10fe59fda52c86a1ac98 img,\n.gallery-shortcode.gallery-masonry-shortcode-id-27648f5faeda10fe59fda52c86a1ac98 .gallery-rollover {\n  border-radius: 0px;\n}\n.gallery-shortcode.gallery-masonry-shortcode-id-27648f5faeda10fe59fda52c86a1ac98.enable-bg-rollover .gallery-rollover {\n  background: -webkit-linear-gradient();\n  background: linear-gradient();\n}\n.gallery-shortcode.gallery-masonry-shortcode-id-27648f5faeda10fe59fda52c86a1ac98.enable-bg-rollover.hover-scale figure .rollover:after {\n  background: -webkit-linear-gradient();\n  background: linear-gradient();\n}\n.gallery-shortcode.gallery-masonry-shortcode-id-27648f5faeda10fe59fda52c86a1ac98 .gallery-zoom-ico {\n  width: 44px;\n  height: 44px;\n  line-height: 44px;\n  border-radius: 100px;\n  margin: -22px 0 0 -22px;\n  border-width: 0px;\n  color: #ffffff;\n}\n.dt-icon-bg-on.gallery-shortcode.gallery-masonry-shortcode-id-27648f5faeda10fe59fda52c86a1ac98 .gallery-zoom-ico {\n  background: rgba(255,255,255,0.3);\n  box-shadow: none;\n}\n.gallery-shortcode.gallery-masonry-shortcode-id-27648f5faeda10fe59fda52c86a1ac98 .gallery-zoom-ico:before,\n.gallery-shortcode.gallery-masonry-shortcode-id-27648f5faeda10fe59fda52c86a1ac98 .gallery-zoom-ico span {\n  font-size: 32px;\n  line-height: 44px;\n  color: #ffffff;\n}\n.gallery-shortcode.gallery-masonry-shortcode-id-27648f5faeda10fe59fda52c86a1ac98:not(.resize-by-browser-width) .dt-css-grid {\n  grid-row-gap: 10px;\n  grid-column-gap: 10px;\n  grid-template-columns: repeat(auto-fill,minmax(,1fr));\n}\n.gallery-shortcode.gallery-masonry-shortcode-id-27648f5faeda10fe59fda52c86a1ac98:not(.resize-by-browser-width) .dt-css-grid .double-width {\n  grid-column: span 2;\n}\n.cssgridlegacy.no-cssgrid .gallery-shortcode.gallery-masonry-shortcode-id-27648f5faeda10fe59fda52c86a1ac98:not(.resize-by-browser-width) .dt-css-grid,\n.no-cssgridlegacy.no-cssgrid .gallery-shortcode.gallery-masonry-shortcode-id-27648f5faeda10fe59fda52c86a1ac98:not(.resize-by-browser-width) .dt-css-grid {\n  display: flex;\n  flex-flow: row wrap;\n  margin: -5px;\n}\n.cssgridlegacy.no-cssgrid .gallery-shortcode.gallery-masonry-shortcode-id-27648f5faeda10fe59fda52c86a1ac98:not(.resize-by-browser-width) .dt-css-grid .wf-cell,\n.no-cssgridlegacy.no-cssgrid .gallery-shortcode.gallery-masonry-shortcode-id-27648f5faeda10fe59fda52c86a1ac98:not(.resize-by-browser-width) .dt-css-grid .wf-cell {\n  flex: 1 0 ;\n  max-width: 100%;\n  padding: 5px;\n  box-sizing: border-box;\n}\n.gallery-shortcode.gallery-masonry-shortcode-id-27648f5faeda10fe59fda52c86a1ac98.resize-by-browser-width .dt-css-grid {\n  grid-template-columns: repeat(3,1fr);\n  grid-template-rows: auto;\n  grid-column-gap: 10px;\n  grid-row-gap: 10px;\n}\n.gallery-shortcode.gallery-masonry-shortcode-id-27648f5faeda10fe59fda52c86a1ac98.resize-by-browser-width .dt-css-grid .double-width {\n  grid-column: span 2;\n}\n.cssgridlegacy.no-cssgrid .gallery-shortcode.gallery-masonry-shortcode-id-27648f5faeda10fe59fda52c86a1ac98.resize-by-browser-width .dt-css-grid {\n  margin: -5px;\n}\n.cssgridlegacy.no-cssgrid .gallery-shortcode.gallery-masonry-shortcode-id-27648f5faeda10fe59fda52c86a1ac98.resize-by-browser-width .dt-css-grid .wf-cell {\n  width: 33.333333333333%;\n  padding: 5px;\n}\n.cssgridlegacy.no-cssgrid .gallery-shortcode.gallery-masonry-shortcode-id-27648f5faeda10fe59fda52c86a1ac98.resize-by-browser-width .dt-css-grid .wf-cell.double-width {\n  width: calc(33.333333333333%) * 2;\n}\n.gallery-shortcode.gallery-masonry-shortcode-id-27648f5faeda10fe59fda52c86a1ac98.resize-by-browser-width:not(.centered-layout-list):not(.content-bg-on) .dt-css-grid {\n  grid-row-gap: 10px - ;\n}\n@media screen and (max-width: 1199px) {\n  .gallery-shortcode.gallery-masonry-shortcode-id-27648f5faeda10fe59fda52c86a1ac98.resize-by-browser-width .dt-css-grid {\n    grid-template-columns: repeat(3,1fr);\n  }\n  .cssgridlegacy.no-cssgrid .gallery-shortcode.gallery-masonry-shortcode-id-27648f5faeda10fe59fda52c86a1ac98.resize-by-browser-width .dt-css-grid .wf-cell,\n  .no-cssgridlegacy.no-cssgrid .gallery-shortcode.gallery-masonry-shortcode-id-27648f5faeda10fe59fda52c86a1ac98.resize-by-browser-width .dt-css-grid .wf-cell {\n    width: 33.333333333333%;\n  }\n  .cssgridlegacy.no-cssgrid .gallery-shortcode.gallery-masonry-shortcode-id-27648f5faeda10fe59fda52c86a1ac98.resize-by-browser-width .dt-css-grid .wf-cell.double-width,\n  .no-cssgridlegacy.no-cssgrid .gallery-shortcode.gallery-masonry-shortcode-id-27648f5faeda10fe59fda52c86a1ac98.resize-by-browser-width .dt-css-grid .wf-cell.double-width {\n    width: calc(33.333333333333%)*2;\n  }\n}\n@media screen and (max-width: 991px) {\n  .gallery-shortcode.gallery-masonry-shortcode-id-27648f5faeda10fe59fda52c86a1ac98.resize-by-browser-width .dt-css-grid {\n    grid-template-columns: repeat(3,1fr);\n  }\n  .cssgridlegacy.no-cssgrid .gallery-shortcode.gallery-masonry-shortcode-id-27648f5faeda10fe59fda52c86a1ac98.resize-by-browser-width .dt-css-grid .wf-cell,\n  .no-cssgridlegacy.no-cssgrid .gallery-shortcode.gallery-masonry-shortcode-id-27648f5faeda10fe59fda52c86a1ac98.resize-by-browser-width .dt-css-grid .wf-cell {\n    width: 33.333333333333%;\n  }\n  .cssgridlegacy.no-cssgrid .gallery-shortcode.gallery-masonry-shortcode-id-27648f5faeda10fe59fda52c86a1ac98.resize-by-browser-width .dt-css-grid .wf-cell.double-width,\n  .no-cssgridlegacy.no-cssgrid .gallery-shortcode.gallery-masonry-shortcode-id-27648f5faeda10fe59fda52c86a1ac98.resize-by-browser-width .dt-css-grid .wf-cell.double-width {\n    width: calc(33.333333333333%)*2;\n  }\n}\n@media screen and (max-width: 767px) {\n  .gallery-shortcode.gallery-masonry-shortcode-id-27648f5faeda10fe59fda52c86a1ac98.resize-by-browser-width .dt-css-grid {\n    grid-template-columns: repeat(3,1fr);\n  }\n  .cssgridlegacy.no-cssgrid .gallery-shortcode.gallery-masonry-shortcode-id-27648f5faeda10fe59fda52c86a1ac98.resize-by-browser-width .dt-css-grid .wf-cell,\n  .no-cssgridlegacy.no-cssgrid .gallery-shortcode.gallery-masonry-shortcode-id-27648f5faeda10fe59fda52c86a1ac98.resize-by-browser-width .dt-css-grid .wf-cell {\n    width: 33.333333333333%;\n  }\n  .cssgridlegacy.no-cssgrid .gallery-shortcode.gallery-masonry-shortcode-id-27648f5faeda10fe59fda52c86a1ac98.resize-by-browser-width .dt-css-grid .wf-cell.double-width,\n  .no-cssgridlegacy.no-cssgrid .gallery-shortcode.gallery-masonry-shortcode-id-27648f5faeda10fe59fda52c86a1ac98.resize-by-browser-width .dt-css-grid .wf-cell.double-width {\n    width: calc(33.333333333333%)*2;\n  }\n}\n<\/style><div class=\"gallery-shortcode dt-gallery-container gallery-masonry-shortcode-id-27648f5faeda10fe59fda52c86a1ac98 mode-grid jquery-filter dt-icon-bg-off quick-scale-img dt-css-grid-wrap enable-bg-rollover resize-by-browser-width  hover-fade loading-effect-none description-on-hover\" data-padding=\"5px\" data-cur-page=\"1\" data-post-limit=\"-1\" data-pagination-mode=\"none\" data-desktop-columns-num=\"3\" data-v-tablet-columns-num=\"3\" data-h-tablet-columns-num=\"3\" data-phone-columns-num=\"3\" data-width=\"0px\" data-columns=\"0\"><div class=\"dt-css-grid\" ><div class=\"wf-cell\" data-post-id=\"3708\" data-date=\"2022-08-02T09:59:06+03:00\" data-name=\"SRF_1340\"><figure class=\"post visible\"><a href=\"https:\/\/mysakemer.com\/wp-content\/uploads\/2022\/08\/SRF_1340-scaled.jpg\" class=\"rollover dt-pswp-item layzr-bg\" data-large_image_width=\"2560\" data-large_image_height=\"1706\" data-dt-img-description=\"\" title=\"SRF_1340\"><img loading=\"lazy\" decoding=\"async\" class=\"preload-me iso-lazy-load\" src=\"data:image\/svg+xml,%3Csvg%20xmlns%3D&#39;http%3A%2F%2Fwww.w3.org%2F2000%2Fsvg&#39;%20viewBox%3D&#39;0%200%20323%20323&#39;%2F%3E\" data-src=\"https:\/\/mysakemer.com\/wp-content\/uploads\/2022\/08\/SRF_1340-scaled-323x323.jpg\" data-srcset=\"https:\/\/mysakemer.com\/wp-content\/uploads\/2022\/08\/SRF_1340-scaled-323x323.jpg 323w, https:\/\/mysakemer.com\/wp-content\/uploads\/2022\/08\/SRF_1340-scaled-485x485.jpg 485w\" alt=\"\" width=\"323\" height=\"323\"  \/><span class=\"gallery-rollover\"><span class=\"gallery-zoom-ico icomoon-the7-font-the7-zoom-06\"><span><\/span><\/span><\/span><\/a><\/figure><\/div><div class=\"wf-cell\" data-post-id=\"3704\" data-date=\"2022-08-02T09:58:40+03:00\" data-name=\"SRF_2456\"><figure class=\"post visible\"><a href=\"https:\/\/mysakemer.com\/wp-content\/uploads\/2022\/08\/SRF_2456-scaled.jpg\" class=\"rollover dt-pswp-item layzr-bg\" data-large_image_width=\"2560\" data-large_image_height=\"1707\" data-dt-img-description=\"\" title=\"SRF_2456\"><img loading=\"lazy\" decoding=\"async\" class=\"preload-me iso-lazy-load\" src=\"data:image\/svg+xml,%3Csvg%20xmlns%3D&#39;http%3A%2F%2Fwww.w3.org%2F2000%2Fsvg&#39;%20viewBox%3D&#39;0%200%20323%20323&#39;%2F%3E\" data-src=\"https:\/\/mysakemer.com\/wp-content\/uploads\/2022\/08\/SRF_2456-scaled-323x323.jpg\" data-srcset=\"https:\/\/mysakemer.com\/wp-content\/uploads\/2022\/08\/SRF_2456-scaled-323x323.jpg 323w, https:\/\/mysakemer.com\/wp-content\/uploads\/2022\/08\/SRF_2456-scaled-485x485.jpg 485w\" alt=\"\" width=\"323\" height=\"323\"  \/><span class=\"gallery-rollover\"><span class=\"gallery-zoom-ico icomoon-the7-font-the7-zoom-06\"><span><\/span><\/span><\/span><\/a><\/figure><\/div><div class=\"wf-cell\" data-post-id=\"3700\" data-date=\"2022-08-02T09:58:26+03:00\" data-name=\"SRF_2451\"><figure class=\"post visible\"><a href=\"https:\/\/mysakemer.com\/wp-content\/uploads\/2022\/08\/SRF_2451-scaled.jpg\" class=\"rollover dt-pswp-item layzr-bg\" data-large_image_width=\"2560\" data-large_image_height=\"1707\" data-dt-img-description=\"\" title=\"SRF_2451\"><img loading=\"lazy\" decoding=\"async\" class=\"preload-me iso-lazy-load\" src=\"data:image\/svg+xml,%3Csvg%20xmlns%3D&#39;http%3A%2F%2Fwww.w3.org%2F2000%2Fsvg&#39;%20viewBox%3D&#39;0%200%20323%20323&#39;%2F%3E\" data-src=\"https:\/\/mysakemer.com\/wp-content\/uploads\/2022\/08\/SRF_2451-scaled-323x323.jpg\" data-srcset=\"https:\/\/mysakemer.com\/wp-content\/uploads\/2022\/08\/SRF_2451-scaled-323x323.jpg 323w, https:\/\/mysakemer.com\/wp-content\/uploads\/2022\/08\/SRF_2451-scaled-485x485.jpg 485w\" alt=\"\" width=\"323\" height=\"323\"  \/><span class=\"gallery-rollover\"><span class=\"gallery-zoom-ico icomoon-the7-font-the7-zoom-06\"><span><\/span><\/span><\/span><\/a><\/figure><\/div><div class=\"wf-cell\" data-post-id=\"3696\" data-date=\"2022-08-02T09:58:08+03:00\" data-name=\"SRF_2471\"><figure class=\"post visible\"><a href=\"https:\/\/mysakemer.com\/wp-content\/uploads\/2022\/08\/SRF_2471-scaled.jpg\" class=\"rollover dt-pswp-item layzr-bg\" data-large_image_width=\"2560\" data-large_image_height=\"1707\" data-dt-img-description=\"\" title=\"SRF_2471\"><img loading=\"lazy\" decoding=\"async\" class=\"preload-me iso-lazy-load\" src=\"data:image\/svg+xml,%3Csvg%20xmlns%3D&#39;http%3A%2F%2Fwww.w3.org%2F2000%2Fsvg&#39;%20viewBox%3D&#39;0%200%20323%20323&#39;%2F%3E\" data-src=\"https:\/\/mysakemer.com\/wp-content\/uploads\/2022\/08\/SRF_2471-scaled-323x323.jpg\" data-srcset=\"https:\/\/mysakemer.com\/wp-content\/uploads\/2022\/08\/SRF_2471-scaled-323x323.jpg 323w, https:\/\/mysakemer.com\/wp-content\/uploads\/2022\/08\/SRF_2471-scaled-485x485.jpg 485w\" alt=\"\" width=\"323\" height=\"323\"  \/><span class=\"gallery-rollover\"><span class=\"gallery-zoom-ico icomoon-the7-font-the7-zoom-06\"><span><\/span><\/span><\/span><\/a><\/figure><\/div><div class=\"wf-cell\" data-post-id=\"3692\" data-date=\"2022-08-02T09:57:51+03:00\" data-name=\"SRF_1345\"><figure class=\"post visible\"><a href=\"https:\/\/mysakemer.com\/wp-content\/uploads\/2022\/08\/SRF_1345-scaled.jpg\" class=\"rollover dt-pswp-item layzr-bg\" data-large_image_width=\"2560\" data-large_image_height=\"1706\" data-dt-img-description=\"\" title=\"SRF_1345\"><img loading=\"lazy\" decoding=\"async\" class=\"preload-me iso-lazy-load\" src=\"data:image\/svg+xml,%3Csvg%20xmlns%3D&#39;http%3A%2F%2Fwww.w3.org%2F2000%2Fsvg&#39;%20viewBox%3D&#39;0%200%20323%20323&#39;%2F%3E\" data-src=\"https:\/\/mysakemer.com\/wp-content\/uploads\/2022\/08\/SRF_1345-scaled-323x323.jpg\" data-srcset=\"https:\/\/mysakemer.com\/wp-content\/uploads\/2022\/08\/SRF_1345-scaled-323x323.jpg 323w, https:\/\/mysakemer.com\/wp-content\/uploads\/2022\/08\/SRF_1345-scaled-485x485.jpg 485w\" alt=\"\" width=\"323\" height=\"323\"  \/><span class=\"gallery-rollover\"><span class=\"gallery-zoom-ico icomoon-the7-font-the7-zoom-06\"><span><\/span><\/span><\/span><\/a><\/figure><\/div><div class=\"wf-cell\" data-post-id=\"3688\" data-date=\"2022-08-02T09:57:30+03:00\" data-name=\"SRF_2476\"><figure class=\"post visible\"><a href=\"https:\/\/mysakemer.com\/wp-content\/uploads\/2022\/08\/SRF_2476-scaled.jpg\" class=\"rollover dt-pswp-item layzr-bg\" data-large_image_width=\"2560\" data-large_image_height=\"1707\" data-dt-img-description=\"\" title=\"SRF_2476\"><img loading=\"lazy\" decoding=\"async\" class=\"preload-me iso-lazy-load\" src=\"data:image\/svg+xml,%3Csvg%20xmlns%3D&#39;http%3A%2F%2Fwww.w3.org%2F2000%2Fsvg&#39;%20viewBox%3D&#39;0%200%20323%20323&#39;%2F%3E\" data-src=\"https:\/\/mysakemer.com\/wp-content\/uploads\/2022\/08\/SRF_2476-scaled-323x323.jpg\" data-srcset=\"https:\/\/mysakemer.com\/wp-content\/uploads\/2022\/08\/SRF_2476-scaled-323x323.jpg 323w, https:\/\/mysakemer.com\/wp-content\/uploads\/2022\/08\/SRF_2476-scaled-485x485.jpg 485w\" alt=\"\" width=\"323\" height=\"323\"  \/><span class=\"gallery-rollover\"><span class=\"gallery-zoom-ico icomoon-the7-font-the7-zoom-06\"><span><\/span><\/span><\/span><\/a><\/figure><\/div><div class=\"wf-cell\" data-post-id=\"3386\" data-date=\"2022-07-09T09:24:23+03:00\" data-name=\"820TINY_PLANLAR2-1\"><figure class=\"post visible\"><a href=\"https:\/\/mysakemer.com\/wp-content\/uploads\/2022\/07\/820TINY_PLANLAR2-1-1.png\" class=\"rollover dt-pswp-item layzr-bg\" data-large_image_width=\"2339\" data-large_image_height=\"1653\" data-dt-img-description=\"\" title=\"820TINY_PLANLAR2-1\"><img loading=\"lazy\" decoding=\"async\" class=\"preload-me iso-lazy-load\" src=\"data:image\/svg+xml,%3Csvg%20xmlns%3D&#39;http%3A%2F%2Fwww.w3.org%2F2000%2Fsvg&#39;%20viewBox%3D&#39;0%200%20323%20323&#39;%2F%3E\" data-src=\"https:\/\/mysakemer.com\/wp-content\/uploads\/2022\/07\/820TINY_PLANLAR2-1-1-323x323.png\" data-srcset=\"https:\/\/mysakemer.com\/wp-content\/uploads\/2022\/07\/820TINY_PLANLAR2-1-1-323x323.png 323w, https:\/\/mysakemer.com\/wp-content\/uploads\/2022\/07\/820TINY_PLANLAR2-1-1-485x485.png 485w\" alt=\"\" width=\"323\" height=\"323\"  \/><span class=\"gallery-rollover\"><span class=\"gallery-zoom-ico icomoon-the7-font-the7-zoom-06\"><span><\/span><\/span><\/span><\/a><\/figure><\/div><div class=\"wf-cell\" data-post-id=\"3390\" data-date=\"2022-07-09T09:24:29+03:00\" data-name=\"820TINY_PLANLAR-1\"><figure class=\"post visible\"><a href=\"https:\/\/mysakemer.com\/wp-content\/uploads\/2022\/07\/820TINY_PLANLAR-1-3.png\" class=\"rollover dt-pswp-item layzr-bg\" data-large_image_width=\"2339\" data-large_image_height=\"1653\" data-dt-img-description=\"\" title=\"820TINY_PLANLAR-1\"><img loading=\"lazy\" decoding=\"async\" class=\"preload-me iso-lazy-load\" src=\"data:image\/svg+xml,%3Csvg%20xmlns%3D&#39;http%3A%2F%2Fwww.w3.org%2F2000%2Fsvg&#39;%20viewBox%3D&#39;0%200%20323%20323&#39;%2F%3E\" data-src=\"https:\/\/mysakemer.com\/wp-content\/uploads\/2022\/07\/820TINY_PLANLAR-1-3-323x323.png\" data-srcset=\"https:\/\/mysakemer.com\/wp-content\/uploads\/2022\/07\/820TINY_PLANLAR-1-3-323x323.png 323w, https:\/\/mysakemer.com\/wp-content\/uploads\/2022\/07\/820TINY_PLANLAR-1-3-485x485.png 485w\" alt=\"\" width=\"323\" height=\"323\"  \/><span class=\"gallery-rollover\"><span class=\"gallery-zoom-ico icomoon-the7-font-the7-zoom-06\"><span><\/span><\/span><\/span><\/a><\/figure><\/div><\/div><!-- iso-container|iso-grid --><\/div>[vc_row_inner][vc_column_inner offset=&#8220;vc_hidden-lg vc_hidden-md&#8220;][vc_empty_space][\/vc_column_inner][\/vc_row_inner][\/vc_column][vc_column width=&#8220;1\/2&#8243;][vc_column_text]<\/p>\n<p style=\"text-align: center;\"><span style=\"margin-right: 20px;\"> 21m\u00b2<\/span> <span style=\"margin-right: 20px;\"> 4 person<\/span>\u00a0 <span style=\"margin-right: 20px;\">2 Schlafzimmer<\/span><\/p>\n<p>[\/vc_column_text]<div id=\"ultimate-heading-449469e1689152e70\" class=\"uvc-heading ult-adjust-bottom-margin ultimate-heading-449469e1689152e70 uvc-8396  uvc-heading-default-font-sizes\" data-hspacer=\"no_spacer\"  data-halign=\"center\" style=\"text-align:center\"><div class=\"uvc-heading-spacer no_spacer\" style=\"top\"><\/div><div class=\"uvc-main-heading ult-responsive\"  data-ultimate-target='.uvc-heading.ultimate-heading-449469e1689152e70 h2'  data-responsive-json-new='{\"font-size\":\"\",\"line-height\":\"\"}' ><h2 style=\"--font-weight:theme;margin-bottom:20px;\">Zimmerausstattung<\/h2><\/div><div class=\"uvc-sub-heading ult-responsive\"  data-ultimate-target='.uvc-heading.ultimate-heading-449469e1689152e70 .uvc-sub-heading '  data-responsive-json-new='{\"font-size\":\"\",\"line-height\":\"\"}'  style=\"font-weight:normal;margin-top:20px;\"><\/p>\n<p style=\"text-align: left;\">Klimaanlage: In unserem Haus gibt es eine Klimaanlage f\u00fcr 1 Quadratmeter.<\/p>\n<p style=\"text-align: left;\">Bad\/Wc: (Haartrocner, Wasserkocher)<\/p>\n<p style=\"text-align: left;\">Bett: Franz\u00f6sisches Bett (1 Loft-Etage mit Glasdecke + franz\u00f6sisches Bett)<\/p>\n<p style=\"text-align: left;\">K\u00fcche: (K\u00fchlschrank, Elektroherd, Mikrowelle, Wasserkocher, elektrische Kaffeekanne, K\u00fcchenutensilien)<\/p>\n<p style=\"text-align: left;\">Sitzbereich: (Led TV)<\/p>\n<p style=\"text-align: left;\">Au\u00dfenbereich: Jedes Haus hat eine eigene Veranda vor dem Haus.<\/p>\n<p style=\"text-align: left;\">*Die Safebox ist so gro\u00df, dass ein Laptop hineinpasst.<\/p>\n<p><\/div><\/div><style type=\"text\/css\">#dt-btn-1 {color: #931d61;border-color: #931d61;}#dt-btn-1 > .text-wrap * {color: #931d61;}#dt-btn-1:hover {background: #931d61;border-color: #931d61;}<\/style><div class=\"text-centered\"><a href=\"https:\/\/mysakemer.com\/iletisim\/\" class=\"btn-shortcode dt-btn-l dt-btn outline-bg-btn custom-btn-color default-btn-hover-color\" id=\"dt-btn-1\"><span>Reservierung<\/span><\/a><\/div>[\/vc_column][\/vc_row][vc_row full_width=&#8220;stretch_row&#8220; content_placement=&#8220;middle&#8220; bg_type=&#8220;image&#8220; parallax_style=&#8220;vcpb-vz-jquery&#8220; bg_image_new=&#8220;id^2387|url^https:\/\/mysakemer.com\/wp-content\/uploads\/2022\/06\/pedrita-g.png|caption^null|alt^null|title^pedrita-g|description^null&#8220; bg_image_repeat=&#8220;repeat-y&#8220; parallax_sense=&#8220;60&#8243; bg_override=&#8220;full&#8220; enable_overlay=&#8220;enable_overlay_value&#8220; overlay_color=&#8220;rgba(0,0,0,0.5)&#8220; css=&#8220;.vc_custom_1656312905135{padding-top: 90px !important;padding-bottom: 50px !important;}&#8220;][vc_column width=&#8220;5\/6&#8243; offset=&#8220;vc_col-lg-offset-1 vc_col-lg-10 vc_col-md-offset-1 vc_col-md-10 vc_col-sm-offset-1&#8243;]<div id=\"ultimate-heading-358469e1689152f88\" class=\"uvc-heading ult-adjust-bottom-margin ultimate-heading-358469e1689152f88 uvc-5618  uvc-heading-default-font-sizes\" data-hspacer=\"no_spacer\"  data-halign=\"center\" style=\"text-align:center\"><div class=\"uvc-heading-spacer no_spacer\" style=\"top\"><\/div><div class=\"uvc-main-heading ult-responsive\"  data-ultimate-target='.uvc-heading.ultimate-heading-358469e1689152f88 p'  data-responsive-json-new='{\"font-size\":\"\",\"line-height\":\"\"}' ><p style=\"--font-weight:theme;color:#ffffff;margin-bottom:20px;\">PEDR\u0130TA<\/p><\/div><div class=\"uvc-sub-heading ult-responsive\"  data-ultimate-target='.uvc-heading.ultimate-heading-358469e1689152f88 .uvc-sub-heading '  data-responsive-json-new='{\"font-size\":\"\",\"line-height\":\"\"}'  style=\"font-weight:normal;color:#ffffff;margin-bottom:20px;\"><\/p>\n<p class=\"p1\">PEDRITA, Lykisch f\u00fcr hellenische Aphrodite. Sie wurde von der neohethitischen Ischtar Schawoschka zur anatolischen Mutterg\u00f6ttin<br \/>\nund von dort zur anatolischen Aphrodite umgewandelt.<br \/>\nSelbst in dem nach ihr benannten r\u00f6mischen Tempel in Aphrodisias wird sie als anatolische Mutterg\u00f6ttin dargestellt, gekleidet wie die Artemis von Ephessos. Und mit diesem Bild unterscheidet sie sich von der hellenischen G\u00f6ttin der &#8222;Liebe und Sch\u00f6nheit&#8220;. Sie ist die Bergmutter des Berges Kastnion in Aspendos und des Berges Patoz in Patara.<\/p>\n<p><\/div><\/div>[\/vc_column][\/vc_row]<\/p>\n","protected":false},"excerpt":{"rendered":"<p>[vc_row][vc_column][vc_single_image image=&#8220;2434&#8243; img_size=&#8220;full&#8220; alignment=&#8220;center&#8220;][\/vc_column][\/vc_row][vc_row css=&#8220;.vc_custom_1652274238745{padding-right: 0px !important;padding-bottom: 30px !important;padding-left: 0px !important;}&#8220;][vc_column width=&#8220;1\/2&#8243;][vc_row_inner][vc_column_inner offset=&#8220;vc_hidden-lg vc_hidden-md&#8220;][vc_empty_space][\/vc_column_inner][\/vc_row_inner][\/vc_column][vc_column width=&#8220;1\/2&#8243;][vc_column_text] 21m\u00b2 4 person\u00a0 2 Schlafzimmer [\/vc_column_text][\/vc_column][\/vc_row][vc_row full_width=&#8220;stretch_row&#8220; content_placement=&#8220;middle&#8220; bg_type=&#8220;image&#8220; parallax_style=&#8220;vcpb-vz-jquery&#8220; bg_image_new=&#8220;id^2387|url^https:\/\/mysakemer.com\/wp-content\/uploads\/2022\/06\/pedrita-g.png|caption^null|alt^null|title^pedrita-g|description^null&#8220; bg_image_repeat=&#8220;repeat-y&#8220; parallax_sense=&#8220;60&#8243; bg_override=&#8220;full&#8220; enable_overlay=&#8220;enable_overlay_value&#8220; overlay_color=&#8220;rgba(0,0,0,0.5)&#8220; css=&#8220;.vc_custom_1656312905135{padding-top: 90px !important;padding-bottom: 50px !important;}&#8220;][vc_column width=&#8220;5\/6&#8243; offset=&#8220;vc_col-lg-offset-1 vc_col-lg-10 vc_col-md-offset-1 vc_col-md-10 vc_col-sm-offset-1&#8243;][\/vc_column][\/vc_row]<\/p>\n","protected":false},"author":1,"featured_media":0,"parent":0,"menu_order":0,"comment_status":"closed","ping_status":"closed","template":"","meta":{"footnotes":""},"class_list":["post-3126","page","type-page","status-publish","hentry","description-off"],"_links":{"self":[{"href":"https:\/\/mysakemer.com\/de\/wp-json\/wp\/v2\/pages\/3126","targetHints":{"allow":["GET"]}}],"collection":[{"href":"https:\/\/mysakemer.com\/de\/wp-json\/wp\/v2\/pages"}],"about":[{"href":"https:\/\/mysakemer.com\/de\/wp-json\/wp\/v2\/types\/page"}],"author":[{"embeddable":true,"href":"https:\/\/mysakemer.com\/de\/wp-json\/wp\/v2\/users\/1"}],"replies":[{"embeddable":true,"href":"https:\/\/mysakemer.com\/de\/wp-json\/wp\/v2\/comments?post=3126"}],"version-history":[{"count":6,"href":"https:\/\/mysakemer.com\/de\/wp-json\/wp\/v2\/pages\/3126\/revisions"}],"predecessor-version":[{"id":4532,"href":"https:\/\/mysakemer.com\/de\/wp-json\/wp\/v2\/pages\/3126\/revisions\/4532"}],"wp:attachment":[{"href":"https:\/\/mysakemer.com\/de\/wp-json\/wp\/v2\/media?parent=3126"}],"curies":[{"name":"wp","href":"https:\/\/api.w.org\/{rel}","templated":true}]}}