{"id":3124,"date":"2022-05-11T15:49:00","date_gmt":"2022-05-11T12:49:00","guid":{"rendered":"https:\/\/mysakemer.com\/lata\/"},"modified":"2023-07-13T15:01:56","modified_gmt":"2023-07-13T12:01:56","slug":"lata","status":"publish","type":"page","link":"https:\/\/mysakemer.com\/de\/lata\/","title":{"rendered":"LATA"},"content":{"rendered":"<p>[vc_row][vc_column][vc_single_image image=&#8220;2433&#8243; img_size=&#8220;full&#8220; alignment=&#8220;center&#8220;][\/vc_column][\/vc_row][vc_row css=&#8220;.vc_custom_1652274238745{padding-right: 0px !important;padding-bottom: 30px !important;padding-left: 0px !important;}&#8220;][vc_column width=&#8220;1\/2&#8243;]<style type=\"text\/css\" data-type=\"the7_shortcodes-inline-css\">.gallery-shortcode.gallery-masonry-shortcode-id-265a0a67f0e2fa61faeb6ba71b68e6ae figure,\n.gallery-shortcode.gallery-masonry-shortcode-id-265a0a67f0e2fa61faeb6ba71b68e6ae .rollover,\n.gallery-shortcode.gallery-masonry-shortcode-id-265a0a67f0e2fa61faeb6ba71b68e6ae img,\n.gallery-shortcode.gallery-masonry-shortcode-id-265a0a67f0e2fa61faeb6ba71b68e6ae .gallery-rollover {\n  border-radius: 0px;\n}\n.gallery-shortcode.gallery-masonry-shortcode-id-265a0a67f0e2fa61faeb6ba71b68e6ae.enable-bg-rollover .gallery-rollover {\n  background: -webkit-linear-gradient();\n  background: linear-gradient();\n}\n.gallery-shortcode.gallery-masonry-shortcode-id-265a0a67f0e2fa61faeb6ba71b68e6ae.enable-bg-rollover.hover-scale figure .rollover:after {\n  background: -webkit-linear-gradient();\n  background: linear-gradient();\n}\n.gallery-shortcode.gallery-masonry-shortcode-id-265a0a67f0e2fa61faeb6ba71b68e6ae .gallery-zoom-ico {\n  width: 44px;\n  height: 44px;\n  line-height: 44px;\n  border-radius: 100px;\n  margin: -22px 0 0 -22px;\n  border-width: 0px;\n  color: #ffffff;\n}\n.dt-icon-bg-on.gallery-shortcode.gallery-masonry-shortcode-id-265a0a67f0e2fa61faeb6ba71b68e6ae .gallery-zoom-ico {\n  background: rgba(255,255,255,0.3);\n  box-shadow: none;\n}\n.gallery-shortcode.gallery-masonry-shortcode-id-265a0a67f0e2fa61faeb6ba71b68e6ae .gallery-zoom-ico:before,\n.gallery-shortcode.gallery-masonry-shortcode-id-265a0a67f0e2fa61faeb6ba71b68e6ae .gallery-zoom-ico span {\n  font-size: 32px;\n  line-height: 44px;\n  color: #ffffff;\n}\n.gallery-shortcode.gallery-masonry-shortcode-id-265a0a67f0e2fa61faeb6ba71b68e6ae:not(.resize-by-browser-width) .dt-css-grid {\n  grid-row-gap: 10px;\n  grid-column-gap: 10px;\n  grid-template-columns: repeat(auto-fill,minmax(,1fr));\n}\n.gallery-shortcode.gallery-masonry-shortcode-id-265a0a67f0e2fa61faeb6ba71b68e6ae:not(.resize-by-browser-width) .dt-css-grid .double-width {\n  grid-column: span 2;\n}\n.cssgridlegacy.no-cssgrid .gallery-shortcode.gallery-masonry-shortcode-id-265a0a67f0e2fa61faeb6ba71b68e6ae:not(.resize-by-browser-width) .dt-css-grid,\n.no-cssgridlegacy.no-cssgrid .gallery-shortcode.gallery-masonry-shortcode-id-265a0a67f0e2fa61faeb6ba71b68e6ae:not(.resize-by-browser-width) .dt-css-grid {\n  display: flex;\n  flex-flow: row wrap;\n  margin: -5px;\n}\n.cssgridlegacy.no-cssgrid .gallery-shortcode.gallery-masonry-shortcode-id-265a0a67f0e2fa61faeb6ba71b68e6ae:not(.resize-by-browser-width) .dt-css-grid .wf-cell,\n.no-cssgridlegacy.no-cssgrid .gallery-shortcode.gallery-masonry-shortcode-id-265a0a67f0e2fa61faeb6ba71b68e6ae:not(.resize-by-browser-width) .dt-css-grid .wf-cell {\n  flex: 1 0 ;\n  max-width: 100%;\n  padding: 5px;\n  box-sizing: border-box;\n}\n.gallery-shortcode.gallery-masonry-shortcode-id-265a0a67f0e2fa61faeb6ba71b68e6ae.resize-by-browser-width .dt-css-grid {\n  grid-template-columns: repeat(3,1fr);\n  grid-template-rows: auto;\n  grid-column-gap: 10px;\n  grid-row-gap: 10px;\n}\n.gallery-shortcode.gallery-masonry-shortcode-id-265a0a67f0e2fa61faeb6ba71b68e6ae.resize-by-browser-width .dt-css-grid .double-width {\n  grid-column: span 2;\n}\n.cssgridlegacy.no-cssgrid .gallery-shortcode.gallery-masonry-shortcode-id-265a0a67f0e2fa61faeb6ba71b68e6ae.resize-by-browser-width .dt-css-grid {\n  margin: -5px;\n}\n.cssgridlegacy.no-cssgrid .gallery-shortcode.gallery-masonry-shortcode-id-265a0a67f0e2fa61faeb6ba71b68e6ae.resize-by-browser-width .dt-css-grid .wf-cell {\n  width: 33.333333333333%;\n  padding: 5px;\n}\n.cssgridlegacy.no-cssgrid .gallery-shortcode.gallery-masonry-shortcode-id-265a0a67f0e2fa61faeb6ba71b68e6ae.resize-by-browser-width .dt-css-grid .wf-cell.double-width {\n  width: calc(33.333333333333%) * 2;\n}\n.gallery-shortcode.gallery-masonry-shortcode-id-265a0a67f0e2fa61faeb6ba71b68e6ae.resize-by-browser-width:not(.centered-layout-list):not(.content-bg-on) .dt-css-grid {\n  grid-row-gap: 10px - ;\n}\n@media screen and (max-width: 1199px) {\n  .gallery-shortcode.gallery-masonry-shortcode-id-265a0a67f0e2fa61faeb6ba71b68e6ae.resize-by-browser-width .dt-css-grid {\n    grid-template-columns: repeat(3,1fr);\n  }\n  .cssgridlegacy.no-cssgrid .gallery-shortcode.gallery-masonry-shortcode-id-265a0a67f0e2fa61faeb6ba71b68e6ae.resize-by-browser-width .dt-css-grid .wf-cell,\n  .no-cssgridlegacy.no-cssgrid .gallery-shortcode.gallery-masonry-shortcode-id-265a0a67f0e2fa61faeb6ba71b68e6ae.resize-by-browser-width .dt-css-grid .wf-cell {\n    width: 33.333333333333%;\n  }\n  .cssgridlegacy.no-cssgrid .gallery-shortcode.gallery-masonry-shortcode-id-265a0a67f0e2fa61faeb6ba71b68e6ae.resize-by-browser-width .dt-css-grid .wf-cell.double-width,\n  .no-cssgridlegacy.no-cssgrid .gallery-shortcode.gallery-masonry-shortcode-id-265a0a67f0e2fa61faeb6ba71b68e6ae.resize-by-browser-width .dt-css-grid .wf-cell.double-width {\n    width: calc(33.333333333333%)*2;\n  }\n}\n@media screen and (max-width: 991px) {\n  .gallery-shortcode.gallery-masonry-shortcode-id-265a0a67f0e2fa61faeb6ba71b68e6ae.resize-by-browser-width .dt-css-grid {\n    grid-template-columns: repeat(3,1fr);\n  }\n  .cssgridlegacy.no-cssgrid .gallery-shortcode.gallery-masonry-shortcode-id-265a0a67f0e2fa61faeb6ba71b68e6ae.resize-by-browser-width .dt-css-grid .wf-cell,\n  .no-cssgridlegacy.no-cssgrid .gallery-shortcode.gallery-masonry-shortcode-id-265a0a67f0e2fa61faeb6ba71b68e6ae.resize-by-browser-width .dt-css-grid .wf-cell {\n    width: 33.333333333333%;\n  }\n  .cssgridlegacy.no-cssgrid .gallery-shortcode.gallery-masonry-shortcode-id-265a0a67f0e2fa61faeb6ba71b68e6ae.resize-by-browser-width .dt-css-grid .wf-cell.double-width,\n  .no-cssgridlegacy.no-cssgrid .gallery-shortcode.gallery-masonry-shortcode-id-265a0a67f0e2fa61faeb6ba71b68e6ae.resize-by-browser-width .dt-css-grid .wf-cell.double-width {\n    width: calc(33.333333333333%)*2;\n  }\n}\n@media screen and (max-width: 767px) {\n  .gallery-shortcode.gallery-masonry-shortcode-id-265a0a67f0e2fa61faeb6ba71b68e6ae.resize-by-browser-width .dt-css-grid {\n    grid-template-columns: repeat(3,1fr);\n  }\n  .cssgridlegacy.no-cssgrid .gallery-shortcode.gallery-masonry-shortcode-id-265a0a67f0e2fa61faeb6ba71b68e6ae.resize-by-browser-width .dt-css-grid .wf-cell,\n  .no-cssgridlegacy.no-cssgrid .gallery-shortcode.gallery-masonry-shortcode-id-265a0a67f0e2fa61faeb6ba71b68e6ae.resize-by-browser-width .dt-css-grid .wf-cell {\n    width: 33.333333333333%;\n  }\n  .cssgridlegacy.no-cssgrid .gallery-shortcode.gallery-masonry-shortcode-id-265a0a67f0e2fa61faeb6ba71b68e6ae.resize-by-browser-width .dt-css-grid .wf-cell.double-width,\n  .no-cssgridlegacy.no-cssgrid .gallery-shortcode.gallery-masonry-shortcode-id-265a0a67f0e2fa61faeb6ba71b68e6ae.resize-by-browser-width .dt-css-grid .wf-cell.double-width {\n    width: calc(33.333333333333%)*2;\n  }\n}\n<\/style><div class=\"gallery-shortcode dt-gallery-container gallery-masonry-shortcode-id-265a0a67f0e2fa61faeb6ba71b68e6ae mode-grid jquery-filter dt-icon-bg-off quick-scale-img dt-css-grid-wrap enable-bg-rollover resize-by-browser-width  hover-fade loading-effect-none description-on-hover\" data-padding=\"5px\" data-cur-page=\"1\" data-post-limit=\"-1\" data-pagination-mode=\"none\" data-desktop-columns-num=\"3\" data-v-tablet-columns-num=\"3\" data-h-tablet-columns-num=\"3\" data-phone-columns-num=\"3\" data-width=\"0px\" data-columns=\"0\"><div class=\"dt-css-grid\" ><div class=\"wf-cell\" data-post-id=\"3603\" data-date=\"2022-08-02T09:17:16+03:00\" data-name=\"SRF_1400\"><figure class=\"post visible\"><a href=\"https:\/\/mysakemer.com\/wp-content\/uploads\/2022\/08\/SRF_1400-1-scaled.jpg\" class=\"rollover dt-pswp-item layzr-bg\" data-large_image_width=\"2560\" data-large_image_height=\"1706\" data-dt-img-description=\"\" title=\"SRF_1400\"><img loading=\"lazy\" decoding=\"async\" class=\"preload-me iso-lazy-load\" src=\"data:image\/svg+xml,%3Csvg%20xmlns%3D&#39;http%3A%2F%2Fwww.w3.org%2F2000%2Fsvg&#39;%20viewBox%3D&#39;0%200%20323%20323&#39;%2F%3E\" data-src=\"https:\/\/mysakemer.com\/wp-content\/uploads\/2022\/08\/SRF_1400-1-scaled-323x323.jpg\" data-srcset=\"https:\/\/mysakemer.com\/wp-content\/uploads\/2022\/08\/SRF_1400-1-scaled-323x323.jpg 323w, https:\/\/mysakemer.com\/wp-content\/uploads\/2022\/08\/SRF_1400-1-scaled-485x485.jpg 485w\" alt=\"\" width=\"323\" height=\"323\"  \/><span class=\"gallery-rollover\"><span class=\"gallery-zoom-ico icomoon-the7-font-the7-zoom-06\"><span><\/span><\/span><\/span><\/a><\/figure><\/div><div class=\"wf-cell\" data-post-id=\"3615\" data-date=\"2022-08-02T09:18:33+03:00\" data-name=\"SRF_1536\"><figure class=\"post visible\"><a href=\"https:\/\/mysakemer.com\/wp-content\/uploads\/2022\/08\/SRF_1536-scaled.jpg\" class=\"rollover dt-pswp-item layzr-bg\" data-large_image_width=\"2560\" data-large_image_height=\"1707\" data-dt-img-description=\"\" title=\"SRF_1536\"><img loading=\"lazy\" decoding=\"async\" class=\"preload-me iso-lazy-load\" src=\"data:image\/svg+xml,%3Csvg%20xmlns%3D&#39;http%3A%2F%2Fwww.w3.org%2F2000%2Fsvg&#39;%20viewBox%3D&#39;0%200%20323%20323&#39;%2F%3E\" data-src=\"https:\/\/mysakemer.com\/wp-content\/uploads\/2022\/08\/SRF_1536-scaled-323x323.jpg\" data-srcset=\"https:\/\/mysakemer.com\/wp-content\/uploads\/2022\/08\/SRF_1536-scaled-323x323.jpg 323w, https:\/\/mysakemer.com\/wp-content\/uploads\/2022\/08\/SRF_1536-scaled-485x485.jpg 485w\" alt=\"\" width=\"323\" height=\"323\"  \/><span class=\"gallery-rollover\"><span class=\"gallery-zoom-ico icomoon-the7-font-the7-zoom-06\"><span><\/span><\/span><\/span><\/a><\/figure><\/div><div class=\"wf-cell\" data-post-id=\"3611\" data-date=\"2022-08-02T09:18:10+03:00\" data-name=\"SRF_1526\"><figure class=\"post visible\"><a href=\"https:\/\/mysakemer.com\/wp-content\/uploads\/2022\/08\/SRF_1526-scaled.jpg\" class=\"rollover dt-pswp-item layzr-bg\" data-large_image_width=\"2560\" data-large_image_height=\"1707\" data-dt-img-description=\"\" title=\"SRF_1526\"><img loading=\"lazy\" decoding=\"async\" class=\"preload-me iso-lazy-load\" src=\"data:image\/svg+xml,%3Csvg%20xmlns%3D&#39;http%3A%2F%2Fwww.w3.org%2F2000%2Fsvg&#39;%20viewBox%3D&#39;0%200%20323%20323&#39;%2F%3E\" data-src=\"https:\/\/mysakemer.com\/wp-content\/uploads\/2022\/08\/SRF_1526-scaled-323x323.jpg\" data-srcset=\"https:\/\/mysakemer.com\/wp-content\/uploads\/2022\/08\/SRF_1526-scaled-323x323.jpg 323w, https:\/\/mysakemer.com\/wp-content\/uploads\/2022\/08\/SRF_1526-scaled-485x485.jpg 485w\" alt=\"\" width=\"323\" height=\"323\"  \/><span class=\"gallery-rollover\"><span class=\"gallery-zoom-ico icomoon-the7-font-the7-zoom-06\"><span><\/span><\/span><\/span><\/a><\/figure><\/div><div class=\"wf-cell\" data-post-id=\"3623\" data-date=\"2022-08-02T09:19:16+03:00\" data-name=\"SRF_1596\"><figure class=\"post visible\"><a href=\"https:\/\/mysakemer.com\/wp-content\/uploads\/2022\/08\/SRF_1596-scaled.jpg\" class=\"rollover dt-pswp-item layzr-bg\" data-large_image_width=\"2560\" data-large_image_height=\"1707\" data-dt-img-description=\"\" title=\"SRF_1596\"><img loading=\"lazy\" decoding=\"async\" class=\"preload-me iso-lazy-load\" src=\"data:image\/svg+xml,%3Csvg%20xmlns%3D&#39;http%3A%2F%2Fwww.w3.org%2F2000%2Fsvg&#39;%20viewBox%3D&#39;0%200%20323%20323&#39;%2F%3E\" data-src=\"https:\/\/mysakemer.com\/wp-content\/uploads\/2022\/08\/SRF_1596-scaled-323x323.jpg\" data-srcset=\"https:\/\/mysakemer.com\/wp-content\/uploads\/2022\/08\/SRF_1596-scaled-323x323.jpg 323w, https:\/\/mysakemer.com\/wp-content\/uploads\/2022\/08\/SRF_1596-scaled-485x485.jpg 485w\" alt=\"\" width=\"323\" height=\"323\"  \/><span class=\"gallery-rollover\"><span class=\"gallery-zoom-ico icomoon-the7-font-the7-zoom-06\"><span><\/span><\/span><\/span><\/a><\/figure><\/div><div class=\"wf-cell\" data-post-id=\"3619\" data-date=\"2022-08-02T09:18:56+03:00\" data-name=\"SRF_1561\"><figure class=\"post visible\"><a href=\"https:\/\/mysakemer.com\/wp-content\/uploads\/2022\/08\/SRF_1561-scaled.jpg\" class=\"rollover dt-pswp-item layzr-bg\" data-large_image_width=\"2560\" data-large_image_height=\"1706\" data-dt-img-description=\"\" title=\"SRF_1561\"><img loading=\"lazy\" decoding=\"async\" class=\"preload-me iso-lazy-load\" src=\"data:image\/svg+xml,%3Csvg%20xmlns%3D&#39;http%3A%2F%2Fwww.w3.org%2F2000%2Fsvg&#39;%20viewBox%3D&#39;0%200%20323%20323&#39;%2F%3E\" data-src=\"https:\/\/mysakemer.com\/wp-content\/uploads\/2022\/08\/SRF_1561-scaled-323x323.jpg\" data-srcset=\"https:\/\/mysakemer.com\/wp-content\/uploads\/2022\/08\/SRF_1561-scaled-323x323.jpg 323w, https:\/\/mysakemer.com\/wp-content\/uploads\/2022\/08\/SRF_1561-scaled-485x485.jpg 485w\" alt=\"\" width=\"323\" height=\"323\"  \/><span class=\"gallery-rollover\"><span class=\"gallery-zoom-ico icomoon-the7-font-the7-zoom-06\"><span><\/span><\/span><\/span><\/a><\/figure><\/div><div class=\"wf-cell\" data-post-id=\"3607\" data-date=\"2022-08-02T09:17:44+03:00\" data-name=\"SRF_1425\"><figure class=\"post visible\"><a href=\"https:\/\/mysakemer.com\/wp-content\/uploads\/2022\/08\/SRF_1425-scaled.jpg\" class=\"rollover dt-pswp-item layzr-bg\" data-large_image_width=\"2560\" data-large_image_height=\"1706\" data-dt-img-description=\"\" title=\"SRF_1425\"><img loading=\"lazy\" decoding=\"async\" class=\"preload-me iso-lazy-load\" src=\"data:image\/svg+xml,%3Csvg%20xmlns%3D&#39;http%3A%2F%2Fwww.w3.org%2F2000%2Fsvg&#39;%20viewBox%3D&#39;0%200%20323%20323&#39;%2F%3E\" data-src=\"https:\/\/mysakemer.com\/wp-content\/uploads\/2022\/08\/SRF_1425-scaled-323x323.jpg\" data-srcset=\"https:\/\/mysakemer.com\/wp-content\/uploads\/2022\/08\/SRF_1425-scaled-323x323.jpg 323w, https:\/\/mysakemer.com\/wp-content\/uploads\/2022\/08\/SRF_1425-scaled-485x485.jpg 485w\" alt=\"\" width=\"323\" height=\"323\"  \/><span class=\"gallery-rollover\"><span class=\"gallery-zoom-ico icomoon-the7-font-the7-zoom-06\"><span><\/span><\/span><\/span><\/a><\/figure><\/div><div class=\"wf-cell\" data-post-id=\"4150\" data-date=\"2023-01-04T09:23:02+03:00\" data-name=\"650TINY_PLANLAR\"><figure class=\"post visible\"><a href=\"https:\/\/mysakemer.com\/wp-content\/uploads\/2023\/01\/650TINY_PLANLAR.png\" class=\"rollover dt-pswp-item layzr-bg\" data-large_image_width=\"2339\" data-large_image_height=\"1653\" data-dt-img-description=\"\" title=\"650TINY_PLANLAR\"><img loading=\"lazy\" decoding=\"async\" class=\"preload-me iso-lazy-load\" src=\"data:image\/svg+xml,%3Csvg%20xmlns%3D&#39;http%3A%2F%2Fwww.w3.org%2F2000%2Fsvg&#39;%20viewBox%3D&#39;0%200%20323%20323&#39;%2F%3E\" data-src=\"https:\/\/mysakemer.com\/wp-content\/uploads\/2023\/01\/650TINY_PLANLAR-323x323.png\" data-srcset=\"https:\/\/mysakemer.com\/wp-content\/uploads\/2023\/01\/650TINY_PLANLAR-323x323.png 323w, https:\/\/mysakemer.com\/wp-content\/uploads\/2023\/01\/650TINY_PLANLAR-485x485.png 485w\" alt=\"\" width=\"323\" height=\"323\"  \/><span class=\"gallery-rollover\"><span class=\"gallery-zoom-ico icomoon-the7-font-the7-zoom-06\"><span><\/span><\/span><\/span><\/a><\/figure><\/div><div class=\"wf-cell\" data-post-id=\"4146\" data-date=\"2023-01-04T09:22:58+03:00\" data-name=\"650TINY_PLANLAR2\"><figure class=\"post visible\"><a href=\"https:\/\/mysakemer.com\/wp-content\/uploads\/2023\/01\/650TINY_PLANLAR2.png\" class=\"rollover dt-pswp-item layzr-bg\" data-large_image_width=\"2339\" data-large_image_height=\"1653\" data-dt-img-description=\"\" title=\"650TINY_PLANLAR2\"><img loading=\"lazy\" decoding=\"async\" class=\"preload-me iso-lazy-load\" src=\"data:image\/svg+xml,%3Csvg%20xmlns%3D&#39;http%3A%2F%2Fwww.w3.org%2F2000%2Fsvg&#39;%20viewBox%3D&#39;0%200%20323%20323&#39;%2F%3E\" data-src=\"https:\/\/mysakemer.com\/wp-content\/uploads\/2023\/01\/650TINY_PLANLAR2-323x323.png\" data-srcset=\"https:\/\/mysakemer.com\/wp-content\/uploads\/2023\/01\/650TINY_PLANLAR2-323x323.png 323w, https:\/\/mysakemer.com\/wp-content\/uploads\/2023\/01\/650TINY_PLANLAR2-485x485.png 485w\" alt=\"\" width=\"323\" height=\"323\"  \/><span class=\"gallery-rollover\"><span class=\"gallery-zoom-ico icomoon-the7-font-the7-zoom-06\"><span><\/span><\/span><\/span><\/a><\/figure><\/div><\/div><!-- iso-container|iso-grid --><\/div>[vc_row_inner][vc_column_inner offset=&#8220;vc_hidden-lg vc_hidden-md&#8220;][vc_empty_space][\/vc_column_inner][\/vc_row_inner][\/vc_column][vc_column width=&#8220;1\/2&#8243;][vc_column_text]<\/p>\n<p style=\"text-align: center;\"><span style=\"margin-right: 20px;\"><i class=\"fas fa-cube\"><\/i> 17m\u00b2<\/span> <span style=\"margin-right: 20px;\"><i class=\"fas fa-users\"><\/i> 3 person<\/span> <span style=\"margin-right: 20px;\"><i class=\"fa fa-bed\"><\/i> 1 Schlafzimmer<\/span><\/p>\n<p>[\/vc_column_text]<div id=\"ultimate-heading-796569eb8b5c6bd04\" class=\"uvc-heading ult-adjust-bottom-margin ultimate-heading-796569eb8b5c6bd04 uvc-1242  uvc-heading-default-font-sizes\" data-hspacer=\"no_spacer\"  data-halign=\"center\" style=\"text-align:center\"><div class=\"uvc-heading-spacer no_spacer\" style=\"top\"><\/div><div class=\"uvc-main-heading ult-responsive\"  data-ultimate-target='.uvc-heading.ultimate-heading-796569eb8b5c6bd04 h2'  data-responsive-json-new='{\"font-size\":\"\",\"line-height\":\"\"}' ><h2 style=\"--font-weight:theme;margin-bottom:20px;\">Zimmerausstattung<\/h2><\/div><div class=\"uvc-sub-heading ult-responsive\"  data-ultimate-target='.uvc-heading.ultimate-heading-796569eb8b5c6bd04 .uvc-sub-heading '  data-responsive-json-new='{\"font-size\":\"\",\"line-height\":\"\"}'  style=\"font-weight:normal;margin-top:20px;\"><\/p>\n<p style=\"text-align: left;\">Klimaanlage: In unserem Haus gibt es eine Klimaanlage f\u00fcr 1 Quadratmeter.<\/p>\n<p style=\"text-align: left;\">Bad\/Wc: (Haartrocner, Wasserkocher)<\/p>\n<p style=\"text-align: left;\">Bett: French Bed (2 person)<\/p>\n<p style=\"text-align: left;\">K\u00fcche: (K\u00fchlschrank, Elektroherd, Mikrowelle, Wasserkocher, elektrische Kaffeekanne, K\u00fcchenutensilien)<\/p>\n<p style=\"text-align: left;\">Sitzbereich: (Led TV)<\/p>\n<p style=\"text-align: left;\">Au\u00dfenbereich: Jedes Haus hat eine eigene Veranda vor dem Haus.<\/p>\n<p style=\"text-align: left;\">*Die Safebox ist so gro\u00df, dass ein Laptop hineinpasst.<\/p>\n<p><\/div><\/div><style type=\"text\/css\">#dt-btn-1 {color: #6169b4;border-color: #6169b4;}#dt-btn-1 > .text-wrap * {color: #6169b4;}#dt-btn-1:hover {background: #6169b4;border-color: #6169b4;}<\/style><div class=\"text-centered\"><a href=\"https:\/\/mysakemer.com\/iletisim\/\" class=\"btn-shortcode dt-btn-l dt-btn outline-bg-btn custom-btn-color default-btn-hover-color\" id=\"dt-btn-1\"><span>Reservierung<\/span><\/a><\/div>[\/vc_column][\/vc_row][vc_row full_width=&#8220;stretch_row&#8220; content_placement=&#8220;middle&#8220; bg_type=&#8220;image&#8220; parallax_style=&#8220;vcpb-vz-jquery&#8220; bg_image_new=&#8220;id^2320|url^https:\/\/mysakemer.com\/wp-content\/uploads\/2022\/06\/lata2-e1655991197978.png|caption^null|alt^null|title^lata2|description^null&#8220; bg_image_repeat=&#8220;repeat-y&#8220; parallax_sense=&#8220;60&#8243; bg_override=&#8220;full&#8220; enable_overlay=&#8220;enable_overlay_value&#8220; overlay_color=&#8220;rgba(0,0,0,0.5)&#8220; css=&#8220;.vc_custom_1655991725701{padding-top: 90px !important;padding-bottom: 50px !important;}&#8220;][vc_column width=&#8220;5\/6&#8243; offset=&#8220;vc_col-lg-offset-1 vc_col-lg-10 vc_col-md-offset-1 vc_col-md-10 vc_col-sm-offset-1&#8243;]<div id=\"ultimate-heading-814169eb8b5c6be0a\" class=\"uvc-heading ult-adjust-bottom-margin ultimate-heading-814169eb8b5c6be0a uvc-9262  uvc-heading-default-font-sizes\" data-hspacer=\"no_spacer\"  data-halign=\"center\" style=\"text-align:center\"><div class=\"uvc-heading-spacer no_spacer\" style=\"top\"><\/div><div class=\"uvc-main-heading ult-responsive\"  data-ultimate-target='.uvc-heading.ultimate-heading-814169eb8b5c6be0a p'  data-responsive-json-new='{\"font-size\":\"\",\"line-height\":\"\"}' ><p style=\"--font-weight:theme;color:#ffffff;margin-bottom:20px;\">LATA<\/p><\/div><div class=\"uvc-sub-heading ult-responsive\"  data-ultimate-target='.uvc-heading.ultimate-heading-814169eb8b5c6be0a .uvc-sub-heading '  data-responsive-json-new='{\"font-size\":\"\",\"line-height\":\"\"}'  style=\"font-weight:normal;color:#ffffff;margin-bottom:20px;\"><\/p>\n<p class=\"p1\">LATA, ist die Mutterg\u00f6ttin des Lykischen in der Bedeutung von &#8222;Frau&#8220;. &#8222;Frau&#8220;. Letoon, die einzige antike Stadt, die nach ihr benannt ist, ist f\u00fcr die ganze Nation heilig. Sie brachte ihre Tochter Artemis in Ortygia bei Ephesos und ihren Sohn Letoon im benachbarten Patara zur Welt. Diese h\u00f6chstangesehene G\u00f6tterfamilie der antiken Welt stammt aus Anatolien. Die bezaubernd sch\u00f6ne Elmal\u0131-Elfenbeinskulptur, die die drei zusammen darstellt, ist der Beweis daf\u00fcr.<\/p>\n<p><\/div><\/div>[\/vc_column][\/vc_row]<\/p>\n","protected":false},"excerpt":{"rendered":"<p>[vc_row][vc_column][vc_single_image image=&#8220;2433&#8243; img_size=&#8220;full&#8220; alignment=&#8220;center&#8220;][\/vc_column][\/vc_row][vc_row css=&#8220;.vc_custom_1652274238745{padding-right: 0px !important;padding-bottom: 30px !important;padding-left: 0px !important;}&#8220;][vc_column width=&#8220;1\/2&#8243;][vc_row_inner][vc_column_inner offset=&#8220;vc_hidden-lg vc_hidden-md&#8220;][vc_empty_space][\/vc_column_inner][\/vc_row_inner][\/vc_column][vc_column width=&#8220;1\/2&#8243;][vc_column_text] 17m\u00b2 3 person 1 Schlafzimmer [\/vc_column_text][\/vc_column][\/vc_row][vc_row full_width=&#8220;stretch_row&#8220; content_placement=&#8220;middle&#8220; bg_type=&#8220;image&#8220; parallax_style=&#8220;vcpb-vz-jquery&#8220; bg_image_new=&#8220;id^2320|url^https:\/\/mysakemer.com\/wp-content\/uploads\/2022\/06\/lata2-e1655991197978.png|caption^null|alt^null|title^lata2|description^null&#8220; bg_image_repeat=&#8220;repeat-y&#8220; parallax_sense=&#8220;60&#8243; bg_override=&#8220;full&#8220; enable_overlay=&#8220;enable_overlay_value&#8220; overlay_color=&#8220;rgba(0,0,0,0.5)&#8220; css=&#8220;.vc_custom_1655991725701{padding-top: 90px !important;padding-bottom: 50px !important;}&#8220;][vc_column width=&#8220;5\/6&#8243; offset=&#8220;vc_col-lg-offset-1 vc_col-lg-10 vc_col-md-offset-1 vc_col-md-10 vc_col-sm-offset-1&#8243;][\/vc_column][\/vc_row]<\/p>\n","protected":false},"author":1,"featured_media":0,"parent":0,"menu_order":0,"comment_status":"closed","ping_status":"closed","template":"","meta":{"footnotes":""},"class_list":["post-3124","page","type-page","status-publish","hentry","description-off"],"_links":{"self":[{"href":"https:\/\/mysakemer.com\/de\/wp-json\/wp\/v2\/pages\/3124","targetHints":{"allow":["GET"]}}],"collection":[{"href":"https:\/\/mysakemer.com\/de\/wp-json\/wp\/v2\/pages"}],"about":[{"href":"https:\/\/mysakemer.com\/de\/wp-json\/wp\/v2\/types\/page"}],"author":[{"embeddable":true,"href":"https:\/\/mysakemer.com\/de\/wp-json\/wp\/v2\/users\/1"}],"replies":[{"embeddable":true,"href":"https:\/\/mysakemer.com\/de\/wp-json\/wp\/v2\/comments?post=3124"}],"version-history":[{"count":8,"href":"https:\/\/mysakemer.com\/de\/wp-json\/wp\/v2\/pages\/3124\/revisions"}],"predecessor-version":[{"id":4539,"href":"https:\/\/mysakemer.com\/de\/wp-json\/wp\/v2\/pages\/3124\/revisions\/4539"}],"wp:attachment":[{"href":"https:\/\/mysakemer.com\/de\/wp-json\/wp\/v2\/media?parent=3124"}],"curies":[{"name":"wp","href":"https:\/\/api.w.org\/{rel}","templated":true}]}}